{"id":11442,"date":"2023-09-15T09:05:28","date_gmt":"2023-09-15T07:05:28","guid":{"rendered":"https:\/\/fascia.be\/e-learning-fascia-college\/"},"modified":"2023-09-26T09:48:16","modified_gmt":"2023-09-26T07:48:16","slug":"e-learning-fascia-college","status":"publish","type":"page","link":"https:\/\/fascia.be\/fr\/e-learning-fascia-college\/","title":{"rendered":"E-learning Fascia Coll\u00e8ge"},"content":{"rendered":"\n<p>Le Fascia College enseigne la m\u00e9thode fasciatherapie Danis Bois et utilise les r\u00e9sultats r\u00e9cents de la recherche scientifique sur le fascia. Notre organisation est synonyme d&rsquo;un enseignement de haut niveau dans une atmosph\u00e8re agr\u00e9able et respectueuse. Ce module vous pr\u00e9sente le Fascia Coll\u00e8ge, son organisation, ses cours et sa communaut\u00e9.<\/p>\n\n<p>Apr\u00e8s avoir suivi ces cours :<\/p>\n\n<ul class=\"wp-block-list\">\n<li>vous aurez fait connaissance avec le Fascia Coll\u00e8ge et son organisation<\/li>\n\n\n\n<li>Vous aurez appris \u00e0 conna\u00eetre les diff\u00e9rentes formations<\/li>\n\n\n\n<li>Vous conna\u00eetrez l&rsquo;\u00e9quipe qui se trouve derri\u00e8re l&rsquo;organisation<\/li>\n<\/ul>\n\n<p>Cette formation en ligne est con\u00e7ue pour \u00eatre suivie de mani\u00e8re autonome, \u00e0 votre rythme et \u00e0 votre convenance. Vous aurez acc\u00e8s \u00e0 des le\u00e7ons interactives, des vid\u00e9os, des illustrations et des quiz pour enrichir vos connaissances sur la fasciath\u00e9rapie.<\/p>\n","protected":false},"excerpt":{"rendered":"<p>Le Fascia College enseigne la m\u00e9thode fasciatherapie Danis Bois et utilise les r\u00e9sultats r\u00e9cents de la recherche scientifique sur le fascia. Notre organisation est synonyme d&rsquo;un enseignement de haut niveau dans une atmosph\u00e8re agr\u00e9able et respectueuse. Ce module vous pr\u00e9sente le Fascia Coll\u00e8ge, son organisation, ses cours et sa communaut\u00e9. Apr\u00e8s avoir suivi ces cours [&hellip;]<\/p>\n","protected":false},"author":1,"featured_media":0,"parent":0,"menu_order":0,"comment_status":"closed","ping_status":"closed","template":"","meta":{"_acf_changed":false,"footnotes":""},"class_list":["post-11442","page","type-page","status-publish","hentry"],"acf":[],"yoast_head":"<!-- This site is optimized with the Yoast SEO plugin v27.5 - https:\/\/yoast.com\/product\/yoast-seo-wordpress\/ -->\n<title>E-learning Fascia Coll\u00e8ge - Fascia Coll\u00e8ge<\/title>\n<meta name=\"robots\" content=\"index, follow, max-snippet:-1, max-image-preview:large, max-video-preview:-1\" \/>\n<link rel=\"canonical\" href=\"https:\/\/fascia.be\/fr\/e-learning-fascia-college\/\" \/>\n<meta property=\"og:locale\" content=\"fr_FR\" \/>\n<meta property=\"og:type\" content=\"article\" \/>\n<meta property=\"og:title\" content=\"E-learning Fascia Coll\u00e8ge - Fascia Coll\u00e8ge\" \/>\n<meta property=\"og:description\" content=\"Le Fascia College enseigne la m\u00e9thode fasciatherapie Danis Bois et utilise les r\u00e9sultats r\u00e9cents de la recherche scientifique sur le fascia. Notre organisation est synonyme d&rsquo;un enseignement de haut niveau dans une atmosph\u00e8re agr\u00e9able et respectueuse. Ce module vous pr\u00e9sente le Fascia Coll\u00e8ge, son organisation, ses cours et sa communaut\u00e9. Apr\u00e8s avoir suivi ces cours [&hellip;]\" \/>\n<meta property=\"og:url\" content=\"https:\/\/fascia.be\/fr\/e-learning-fascia-college\/\" \/>\n<meta property=\"og:site_name\" content=\"Fascia Coll\u00e8ge\" \/>\n<meta property=\"article:modified_time\" content=\"2023-09-26T07:48:16+00:00\" \/>\n<meta name=\"twitter:card\" content=\"summary_large_image\" \/>\n<meta name=\"twitter:label1\" content=\"Dur\u00e9e de lecture estim\u00e9e\" \/>\n\t<meta name=\"twitter:data1\" content=\"1 minute\" \/>\n<script type=\"application\/ld+json\" class=\"yoast-schema-graph\">{\"@context\":\"https:\\\/\\\/schema.org\",\"@graph\":[{\"@type\":\"WebPage\",\"@id\":\"https:\\\/\\\/fascia.be\\\/fr\\\/e-learning-fascia-college\\\/\",\"url\":\"https:\\\/\\\/fascia.be\\\/fr\\\/e-learning-fascia-college\\\/\",\"name\":\"E-learning Fascia Coll\u00e8ge - Fascia Coll\u00e8ge\",\"isPartOf\":{\"@id\":\"https:\\\/\\\/fascia.be\\\/fr\\\/#website\"},\"datePublished\":\"2023-09-15T07:05:28+00:00\",\"dateModified\":\"2023-09-26T07:48:16+00:00\",\"breadcrumb\":{\"@id\":\"https:\\\/\\\/fascia.be\\\/fr\\\/e-learning-fascia-college\\\/#breadcrumb\"},\"inLanguage\":\"fr-FR\",\"potentialAction\":[{\"@type\":\"ReadAction\",\"target\":[\"https:\\\/\\\/fascia.be\\\/fr\\\/e-learning-fascia-college\\\/\"]}]},{\"@type\":\"BreadcrumbList\",\"@id\":\"https:\\\/\\\/fascia.be\\\/fr\\\/e-learning-fascia-college\\\/#breadcrumb\",\"itemListElement\":[{\"@type\":\"ListItem\",\"position\":1,\"name\":\"Home\",\"item\":\"https:\\\/\\\/fascia.be\\\/fr\\\/\"},{\"@type\":\"ListItem\",\"position\":2,\"name\":\"E-learning Fascia Coll\u00e8ge\"}]},{\"@type\":\"WebSite\",\"@id\":\"https:\\\/\\\/fascia.be\\\/fr\\\/#website\",\"url\":\"https:\\\/\\\/fascia.be\\\/fr\\\/\",\"name\":\"Fascia Coll\u00e8ge\",\"description\":\"Fasciatherapie en Perceptieve pedagogie\",\"potentialAction\":[{\"@type\":\"SearchAction\",\"target\":{\"@type\":\"EntryPoint\",\"urlTemplate\":\"https:\\\/\\\/fascia.be\\\/fr\\\/?s={search_term_string}\"},\"query-input\":{\"@type\":\"PropertyValueSpecification\",\"valueRequired\":true,\"valueName\":\"search_term_string\"}}],\"inLanguage\":\"fr-FR\"}]}<\/script>\n<!-- \/ Yoast SEO plugin. -->","yoast_head_json":{"title":"E-learning Fascia Coll\u00e8ge - Fascia Coll\u00e8ge","robots":{"index":"index","follow":"follow","max-snippet":"max-snippet:-1","max-image-preview":"max-image-preview:large","max-video-preview":"max-video-preview:-1"},"canonical":"https:\/\/fascia.be\/fr\/e-learning-fascia-college\/","og_locale":"fr_FR","og_type":"article","og_title":"E-learning Fascia Coll\u00e8ge - Fascia Coll\u00e8ge","og_description":"Le Fascia College enseigne la m\u00e9thode fasciatherapie Danis Bois et utilise les r\u00e9sultats r\u00e9cents de la recherche scientifique sur le fascia. Notre organisation est synonyme d&rsquo;un enseignement de haut niveau dans une atmosph\u00e8re agr\u00e9able et respectueuse. Ce module vous pr\u00e9sente le Fascia Coll\u00e8ge, son organisation, ses cours et sa communaut\u00e9. Apr\u00e8s avoir suivi ces cours [&hellip;]","og_url":"https:\/\/fascia.be\/fr\/e-learning-fascia-college\/","og_site_name":"Fascia Coll\u00e8ge","article_modified_time":"2023-09-26T07:48:16+00:00","twitter_card":"summary_large_image","twitter_misc":{"Dur\u00e9e de lecture estim\u00e9e":"1 minute"},"schema":{"@context":"https:\/\/schema.org","@graph":[{"@type":"WebPage","@id":"https:\/\/fascia.be\/fr\/e-learning-fascia-college\/","url":"https:\/\/fascia.be\/fr\/e-learning-fascia-college\/","name":"E-learning Fascia Coll\u00e8ge - Fascia Coll\u00e8ge","isPartOf":{"@id":"https:\/\/fascia.be\/fr\/#website"},"datePublished":"2023-09-15T07:05:28+00:00","dateModified":"2023-09-26T07:48:16+00:00","breadcrumb":{"@id":"https:\/\/fascia.be\/fr\/e-learning-fascia-college\/#breadcrumb"},"inLanguage":"fr-FR","potentialAction":[{"@type":"ReadAction","target":["https:\/\/fascia.be\/fr\/e-learning-fascia-college\/"]}]},{"@type":"BreadcrumbList","@id":"https:\/\/fascia.be\/fr\/e-learning-fascia-college\/#breadcrumb","itemListElement":[{"@type":"ListItem","position":1,"name":"Home","item":"https:\/\/fascia.be\/fr\/"},{"@type":"ListItem","position":2,"name":"E-learning Fascia Coll\u00e8ge"}]},{"@type":"WebSite","@id":"https:\/\/fascia.be\/fr\/#website","url":"https:\/\/fascia.be\/fr\/","name":"Fascia Coll\u00e8ge","description":"Fasciatherapie en Perceptieve pedagogie","potentialAction":[{"@type":"SearchAction","target":{"@type":"EntryPoint","urlTemplate":"https:\/\/fascia.be\/fr\/?s={search_term_string}"},"query-input":{"@type":"PropertyValueSpecification","valueRequired":true,"valueName":"search_term_string"}}],"inLanguage":"fr-FR"}]}},"_links":{"self":[{"href":"https:\/\/fascia.be\/fr\/wp-json\/wp\/v2\/pages\/11442","targetHints":{"allow":["GET"]}}],"collection":[{"href":"https:\/\/fascia.be\/fr\/wp-json\/wp\/v2\/pages"}],"about":[{"href":"https:\/\/fascia.be\/fr\/wp-json\/wp\/v2\/types\/page"}],"author":[{"embeddable":true,"href":"https:\/\/fascia.be\/fr\/wp-json\/wp\/v2\/users\/1"}],"replies":[{"embeddable":true,"href":"https:\/\/fascia.be\/fr\/wp-json\/wp\/v2\/comments?post=11442"}],"version-history":[{"count":1,"href":"https:\/\/fascia.be\/fr\/wp-json\/wp\/v2\/pages\/11442\/revisions"}],"predecessor-version":[{"id":11443,"href":"https:\/\/fascia.be\/fr\/wp-json\/wp\/v2\/pages\/11442\/revisions\/11443"}],"wp:attachment":[{"href":"https:\/\/fascia.be\/fr\/wp-json\/wp\/v2\/media?parent=11442"}],"curies":[{"name":"wp","href":"https:\/\/api.w.org\/{rel}","templated":true}]}}