{"id":11444,"date":"2023-09-15T09:05:49","date_gmt":"2023-09-15T07:05:49","guid":{"rendered":"https:\/\/fascia.be\/e-learning-fasciatherapie\/"},"modified":"2023-09-26T09:49:29","modified_gmt":"2023-09-26T07:49:29","slug":"e-learning-fasciatherapie","status":"publish","type":"page","link":"https:\/\/fascia.be\/fr\/e-learning-fasciatherapie\/","title":{"rendered":"E-learning: fasciath\u00e8rapie"},"content":{"rendered":"\n<p>Plongez dans le monde fascinant du fascia, le r\u00e9seau de tissus conjonctifs qui impr\u00e8gne tout le corps. Le fascia joue un r\u00f4le crucial dans le bon fonctionnement d&rsquo;une personne, au niveau biologique, physiologique, psycho-\u00e9motionnel et m\u00eame existentiel. Dans ce module, vous serez initi\u00e9 \u00e0 la fasciath\u00e9rapie et \u00e0 ses applications dans la pratique.<\/p>\n\n<p>Apr\u00e8s avoir suivi ces cours :<\/p>\n\n<ul class=\"wp-block-list\">\n<li>vous aurez des connaissances th\u00e9oriques sur les fascias (tissu conjonctif)<\/li>\n\n\n\n<li>Vous connaissez les propri\u00e9t\u00e9s et le fonctionnement du tissu conjonctif<\/li>\n\n\n\n<li>Vous poss\u00e9dez des informations de base sur l&rsquo;anatomie dynamique<\/li>\n\n\n\n<li>Vous aurez plus de connaissances sur la fasciath\u00e9rapie<\/li>\n\n\n\n<li>Vous connaissez les diff\u00e9rents concepts utilis\u00e9s<\/li>\n\n\n\n<li>Vous savez quand la fasciath\u00e9rapie est utilis\u00e9e dans la pratique<\/li>\n<\/ul>\n\n<p>Cette formation en ligne est con\u00e7ue pour \u00eatre suivie de mani\u00e8re autonome, \u00e0 votre rythme et \u00e0 votre convenance. Vous aurez acc\u00e8s \u00e0 des le\u00e7ons interactives, des vid\u00e9os, des illustrations et des quiz pour enrichir vos connaissances sur la fasciath\u00e9rapie.<\/p>\n","protected":false},"excerpt":{"rendered":"<p>Plongez dans le monde fascinant du fascia, le r\u00e9seau de tissus conjonctifs qui impr\u00e8gne tout le corps. Le fascia joue un r\u00f4le crucial dans le bon fonctionnement d&rsquo;une personne, au niveau biologique, physiologique, psycho-\u00e9motionnel et m\u00eame existentiel. Dans ce module, vous serez initi\u00e9 \u00e0 la fasciath\u00e9rapie et \u00e0 ses applications dans la pratique. Apr\u00e8s avoir [&hellip;]<\/p>\n","protected":false},"author":1,"featured_media":0,"parent":0,"menu_order":0,"comment_status":"closed","ping_status":"closed","template":"","meta":{"_acf_changed":false,"footnotes":""},"class_list":["post-11444","page","type-page","status-publish","hentry"],"acf":[],"yoast_head":"<!-- This site is optimized with the Yoast SEO plugin v27.4 - https:\/\/yoast.com\/product\/yoast-seo-wordpress\/ -->\n<title>E-learning: fasciath\u00e8rapie - Fascia Coll\u00e8ge<\/title>\n<meta name=\"robots\" content=\"index, follow, max-snippet:-1, max-image-preview:large, max-video-preview:-1\" \/>\n<link rel=\"canonical\" href=\"https:\/\/fascia.be\/fr\/e-learning-fasciatherapie\/\" \/>\n<meta property=\"og:locale\" content=\"fr_FR\" \/>\n<meta property=\"og:type\" content=\"article\" \/>\n<meta property=\"og:title\" content=\"E-learning: fasciath\u00e8rapie - Fascia Coll\u00e8ge\" \/>\n<meta property=\"og:description\" content=\"Plongez dans le monde fascinant du fascia, le r\u00e9seau de tissus conjonctifs qui impr\u00e8gne tout le corps. Le fascia joue un r\u00f4le crucial dans le bon fonctionnement d&rsquo;une personne, au niveau biologique, physiologique, psycho-\u00e9motionnel et m\u00eame existentiel. Dans ce module, vous serez initi\u00e9 \u00e0 la fasciath\u00e9rapie et \u00e0 ses applications dans la pratique. Apr\u00e8s avoir [&hellip;]\" \/>\n<meta property=\"og:url\" content=\"https:\/\/fascia.be\/fr\/e-learning-fasciatherapie\/\" \/>\n<meta property=\"og:site_name\" content=\"Fascia Coll\u00e8ge\" \/>\n<meta property=\"article:modified_time\" content=\"2023-09-26T07:49:29+00:00\" \/>\n<meta name=\"twitter:card\" content=\"summary_large_image\" \/>\n<meta name=\"twitter:label1\" content=\"Dur\u00e9e de lecture estim\u00e9e\" \/>\n\t<meta name=\"twitter:data1\" content=\"1 minute\" \/>\n<script type=\"application\/ld+json\" class=\"yoast-schema-graph\">{\"@context\":\"https:\\\/\\\/schema.org\",\"@graph\":[{\"@type\":\"WebPage\",\"@id\":\"https:\\\/\\\/fascia.be\\\/fr\\\/e-learning-fasciatherapie\\\/\",\"url\":\"https:\\\/\\\/fascia.be\\\/fr\\\/e-learning-fasciatherapie\\\/\",\"name\":\"E-learning: fasciath\u00e8rapie - Fascia Coll\u00e8ge\",\"isPartOf\":{\"@id\":\"https:\\\/\\\/fascia.be\\\/fr\\\/#website\"},\"datePublished\":\"2023-09-15T07:05:49+00:00\",\"dateModified\":\"2023-09-26T07:49:29+00:00\",\"breadcrumb\":{\"@id\":\"https:\\\/\\\/fascia.be\\\/fr\\\/e-learning-fasciatherapie\\\/#breadcrumb\"},\"inLanguage\":\"fr-FR\",\"potentialAction\":[{\"@type\":\"ReadAction\",\"target\":[\"https:\\\/\\\/fascia.be\\\/fr\\\/e-learning-fasciatherapie\\\/\"]}]},{\"@type\":\"BreadcrumbList\",\"@id\":\"https:\\\/\\\/fascia.be\\\/fr\\\/e-learning-fasciatherapie\\\/#breadcrumb\",\"itemListElement\":[{\"@type\":\"ListItem\",\"position\":1,\"name\":\"Home\",\"item\":\"https:\\\/\\\/fascia.be\\\/fr\\\/\"},{\"@type\":\"ListItem\",\"position\":2,\"name\":\"E-learning: fasciath\u00e8rapie\"}]},{\"@type\":\"WebSite\",\"@id\":\"https:\\\/\\\/fascia.be\\\/fr\\\/#website\",\"url\":\"https:\\\/\\\/fascia.be\\\/fr\\\/\",\"name\":\"Fascia Coll\u00e8ge\",\"description\":\"Fasciatherapie en Perceptieve pedagogie\",\"potentialAction\":[{\"@type\":\"SearchAction\",\"target\":{\"@type\":\"EntryPoint\",\"urlTemplate\":\"https:\\\/\\\/fascia.be\\\/fr\\\/?s={search_term_string}\"},\"query-input\":{\"@type\":\"PropertyValueSpecification\",\"valueRequired\":true,\"valueName\":\"search_term_string\"}}],\"inLanguage\":\"fr-FR\"}]}<\/script>\n<!-- \/ Yoast SEO plugin. -->","yoast_head_json":{"title":"E-learning: fasciath\u00e8rapie - Fascia Coll\u00e8ge","robots":{"index":"index","follow":"follow","max-snippet":"max-snippet:-1","max-image-preview":"max-image-preview:large","max-video-preview":"max-video-preview:-1"},"canonical":"https:\/\/fascia.be\/fr\/e-learning-fasciatherapie\/","og_locale":"fr_FR","og_type":"article","og_title":"E-learning: fasciath\u00e8rapie - Fascia Coll\u00e8ge","og_description":"Plongez dans le monde fascinant du fascia, le r\u00e9seau de tissus conjonctifs qui impr\u00e8gne tout le corps. Le fascia joue un r\u00f4le crucial dans le bon fonctionnement d&rsquo;une personne, au niveau biologique, physiologique, psycho-\u00e9motionnel et m\u00eame existentiel. Dans ce module, vous serez initi\u00e9 \u00e0 la fasciath\u00e9rapie et \u00e0 ses applications dans la pratique. Apr\u00e8s avoir [&hellip;]","og_url":"https:\/\/fascia.be\/fr\/e-learning-fasciatherapie\/","og_site_name":"Fascia Coll\u00e8ge","article_modified_time":"2023-09-26T07:49:29+00:00","twitter_card":"summary_large_image","twitter_misc":{"Dur\u00e9e de lecture estim\u00e9e":"1 minute"},"schema":{"@context":"https:\/\/schema.org","@graph":[{"@type":"WebPage","@id":"https:\/\/fascia.be\/fr\/e-learning-fasciatherapie\/","url":"https:\/\/fascia.be\/fr\/e-learning-fasciatherapie\/","name":"E-learning: fasciath\u00e8rapie - Fascia Coll\u00e8ge","isPartOf":{"@id":"https:\/\/fascia.be\/fr\/#website"},"datePublished":"2023-09-15T07:05:49+00:00","dateModified":"2023-09-26T07:49:29+00:00","breadcrumb":{"@id":"https:\/\/fascia.be\/fr\/e-learning-fasciatherapie\/#breadcrumb"},"inLanguage":"fr-FR","potentialAction":[{"@type":"ReadAction","target":["https:\/\/fascia.be\/fr\/e-learning-fasciatherapie\/"]}]},{"@type":"BreadcrumbList","@id":"https:\/\/fascia.be\/fr\/e-learning-fasciatherapie\/#breadcrumb","itemListElement":[{"@type":"ListItem","position":1,"name":"Home","item":"https:\/\/fascia.be\/fr\/"},{"@type":"ListItem","position":2,"name":"E-learning: fasciath\u00e8rapie"}]},{"@type":"WebSite","@id":"https:\/\/fascia.be\/fr\/#website","url":"https:\/\/fascia.be\/fr\/","name":"Fascia Coll\u00e8ge","description":"Fasciatherapie en Perceptieve pedagogie","potentialAction":[{"@type":"SearchAction","target":{"@type":"EntryPoint","urlTemplate":"https:\/\/fascia.be\/fr\/?s={search_term_string}"},"query-input":{"@type":"PropertyValueSpecification","valueRequired":true,"valueName":"search_term_string"}}],"inLanguage":"fr-FR"}]}},"_links":{"self":[{"href":"https:\/\/fascia.be\/fr\/wp-json\/wp\/v2\/pages\/11444","targetHints":{"allow":["GET"]}}],"collection":[{"href":"https:\/\/fascia.be\/fr\/wp-json\/wp\/v2\/pages"}],"about":[{"href":"https:\/\/fascia.be\/fr\/wp-json\/wp\/v2\/types\/page"}],"author":[{"embeddable":true,"href":"https:\/\/fascia.be\/fr\/wp-json\/wp\/v2\/users\/1"}],"replies":[{"embeddable":true,"href":"https:\/\/fascia.be\/fr\/wp-json\/wp\/v2\/comments?post=11444"}],"version-history":[{"count":1,"href":"https:\/\/fascia.be\/fr\/wp-json\/wp\/v2\/pages\/11444\/revisions"}],"predecessor-version":[{"id":11445,"href":"https:\/\/fascia.be\/fr\/wp-json\/wp\/v2\/pages\/11444\/revisions\/11445"}],"wp:attachment":[{"href":"https:\/\/fascia.be\/fr\/wp-json\/wp\/v2\/media?parent=11444"}],"curies":[{"name":"wp","href":"https:\/\/api.w.org\/{rel}","templated":true}]}}