{"id":1597,"date":"2020-10-22T15:22:11","date_gmt":"2020-10-22T13:22:11","guid":{"rendered":"https:\/\/fascia.be\/historique\/"},"modified":"2025-09-18T09:32:17","modified_gmt":"2025-09-18T07:32:17","slug":"historique","status":"publish","type":"page","link":"https:\/\/fascia.be\/fr\/historique\/","title":{"rendered":"Historique"},"content":{"rendered":"\n<p>La fasciath\u00e9rapie est une forme de kin\u00e9sith\u00e9rapie d\u2019\u00e9coute, personnalis\u00e9 et adapt\u00e9 \u00e0 la demande du patient. <\/p>\n\n\n\n<p><div class=\"page\" title=\"Page 1\">&#013;\n<div class=\"layoutArea\">&#013;\n<div class=\"column\">&#013;\n&#013;\nCi-contre: Danis Bois, fondateur de la fasciath\u00e9rapie.&#013;\n&#013;\n<\/div>&#013;\n<\/div>&#013;\n<\/div><\/p>\n\n\n\n<div class=\"wp-block-columns is-layout-flex wp-container-core-columns-is-layout-9d6595d7 wp-block-columns-is-layout-flex\">\n<div class=\"wp-block-column is-layout-flow wp-block-column-is-layout-flow\" style=\"flex-basis:50%\">\n<div class=\"wp-block-group\"><div class=\"wp-block-group__inner-container is-layout-flow wp-block-group-is-layout-flow\">\n<div class=\"wp-block-columns is-layout-flex wp-container-core-columns-is-layout-9d6595d7 wp-block-columns-is-layout-flex\">\n<div class=\"wp-block-column is-layout-flow wp-block-column-is-layout-flow\" style=\"flex-basis:100%\">\n<p>D\u00e9velopp\u00e9e dans les ann\u00e9es \u201880 par le professeur Danis Bois, kin\u00e9sith\u00e9rapeute et ost\u00e9opathe, la fasciath\u00e9rapie MDB (M\u00e9thode Danis Bois) est une m\u00e9thode manuelle douce, non manipulative, qui vise, par le biais de pressions douces et lentes sur le corps, \u00e0 d\u00e9crisper et r\u00e9guler la tension des fascias. Dot\u00e9 d\u2019une curiosit\u00e9 \u00e9tonnante et d\u2019une grande capacit\u00e9 d\u2019observation et d\u2019\u00e9coute, Le professeur Danis Bois a tr\u00e8s vite \u00e9largi son champ d\u2019action au- del\u00e0 du cadre de l\u2019ost\u00e9opathie. Il \u00e9tend ses recherches dans les domaines de la biologie et de la neurologie, de la philosophie des sciences et de la psychop\u00e9dagogie. Ses recherches l\u2019ont men\u00e9 \u00e0 un doctorat en sciences p\u00e9dagogiques \u00e0 l\u2019universit\u00e9 de S\u00e9ville en 1999.<\/p>\n\n\n\n<p>Actuellement, le Prof. Dr. Danis Bois est professeur titulaire \u00e0 l&rsquo;Universit\u00e9 Fernando Pessoa \u00e0 Porto au Portugal. En 2002, il a fond\u00e9 le CERAP qu\u2019il a dirig\u00e9 jusqu\u2019en octobre 2017 pour d\u00e9velopper l\u2019\u00e9tude de l\u2019exp\u00e9rience corporelle per\u00e7ue ressentie et pens\u00e9e.<\/p>\n\n\n\n<p>Aujourd\u2019hui, le Docteur Christian Courraud est \u00e0 la t\u00eate du CERAP et de l\u2019\u00e9cole fran\u00e7aise TMG concept.<\/p>\n<\/div>\n<\/div>\n<\/div><\/div>\n<\/div>\n\n\n\n<div class=\"wp-block-column is-layout-flow wp-block-column-is-layout-flow\" style=\"flex-basis:50%\">\n<div class=\"wp-block-image\"><figure class=\"aligncenter size-full\"><img loading=\"lazy\" decoding=\"async\" width=\"240\" height=\"240\" src=\"https:\/\/fascia.be\/wp-content\/uploads\/2021\/01\/Danis-Bois-jpeg.jpeg\" alt=\"Prof. Dr. Danis Bois\" class=\"wp-image-1019\" srcset=\"https:\/\/fascia.be\/wp-content\/uploads\/2021\/01\/Danis-Bois-jpeg.jpeg 240w, https:\/\/fascia.be\/wp-content\/uploads\/2021\/01\/Danis-Bois-jpeg-150x150.jpeg 150w\" sizes=\"auto, (max-width: 240px) 100vw, 240px\" \/><\/figure><\/div>\n<\/div>\n<\/div>\n\n\n\n<p>L\u2019\u00e9quipe du Prof. Dr. Danis Bois assure la qualit\u00e9 de la formation dans plusieurs pays et regroupe des th\u00e9rapeutes dipl\u00f4m\u00e9s dans le monde entier. Depuis 1994, plus de 250 fasciath\u00e9rapeutes ont \u00e9t\u00e9 form\u00e9s en Belgique par le&nbsp;<strong>Fascia<\/strong> <strong>Coll\u00e8ge.<\/strong><\/p>\n\n\n\n<p>Reconnue au d\u00e9part par le milieu de la sant\u00e9 pour son efficacit\u00e9 sur les douleurs et les troubles fonctionnels, la fasciath\u00e9rapie associe aujourd\u2019hui \u00e0 son approche curative une dimension \u00e9ducative qui aborde globalement le patient et le rend actif dans sa d\u00e9marche de sant\u00e9. Elle insiste notamment sur l\u2019unit\u00e9 corps \/ psychisme, sur la dimension relationnelle du toucher et sur l\u2019importance du mouvement dans la sant\u00e9. L\u2019approche manuelle est compl\u00e9t\u00e9e par la r\u00e9\u00e9ducation sensorielle et l\u2019accordage somato-psychique. \r\n<\/p>\n\n\n\n<p>\u00ab&nbsp;<em>Une approche manuelle qui touche \u00e0 la fois \u00e0 la profondeur du corps et \u00e0 celle de la personne<\/em><em>&nbsp;<\/em>\u00bb<\/p>\n\n\n\n<p>La fasciath\u00e9rapie est bas\u00e9e sur le fonctionnement unique du corps et son influence sur la personne sur le plan moteur, psychique et comportemental. C\u2019est donc une m\u00e9thode qui donne des cl\u00e9s pour r\u00e9pondre aux probl\u00e9matiques asp\u00e9cifiques auxquelles on est souvent confront\u00e9s aujourd\u2019hui en tant que kin\u00e9sith\u00e9rapeute.<\/p>\n","protected":false},"excerpt":{"rendered":"<p>La fasciath\u00e9rapie est une forme de kin\u00e9sith\u00e9rapie d\u2019\u00e9coute, personnalis\u00e9 et adapt\u00e9 \u00e0 la demande du patient. &#013; &#013; &#013; &#013; Ci-contre: Danis Bois, fondateur de la fasciath\u00e9rapie.&#013; &#013; &#013; &#013; D\u00e9velopp\u00e9e dans les ann\u00e9es \u201880 par le professeur Danis Bois, kin\u00e9sith\u00e9rapeute et ost\u00e9opathe, la fasciath\u00e9rapie MDB (M\u00e9thode Danis Bois) est une m\u00e9thode manuelle douce, non [&hellip;]<\/p>\n","protected":false},"author":1,"featured_media":0,"parent":0,"menu_order":0,"comment_status":"closed","ping_status":"closed","template":"","meta":{"_acf_changed":false,"footnotes":""},"class_list":["post-1597","page","type-page","status-publish","hentry"],"acf":[],"yoast_head":"<!-- This site is optimized with the Yoast SEO plugin v27.4 - https:\/\/yoast.com\/product\/yoast-seo-wordpress\/ -->\n<title>Historique - Fascia Coll\u00e8ge<\/title>\n<meta name=\"robots\" content=\"index, follow, max-snippet:-1, max-image-preview:large, max-video-preview:-1\" \/>\n<link rel=\"canonical\" href=\"https:\/\/fascia.be\/fr\/historique\/\" \/>\n<meta property=\"og:locale\" content=\"fr_FR\" \/>\n<meta property=\"og:type\" content=\"article\" \/>\n<meta property=\"og:title\" content=\"Historique - Fascia Coll\u00e8ge\" \/>\n<meta property=\"og:description\" content=\"La fasciath\u00e9rapie est une forme de kin\u00e9sith\u00e9rapie d\u2019\u00e9coute, personnalis\u00e9 et adapt\u00e9 \u00e0 la demande du patient. &#013; &#013; &#013; &#013; Ci-contre: Danis Bois, fondateur de la fasciath\u00e9rapie.&#013; &#013; &#013; &#013; D\u00e9velopp\u00e9e dans les ann\u00e9es \u201880 par le professeur Danis Bois, kin\u00e9sith\u00e9rapeute et ost\u00e9opathe, la fasciath\u00e9rapie MDB (M\u00e9thode Danis Bois) est une m\u00e9thode manuelle douce, non [&hellip;]\" \/>\n<meta property=\"og:url\" content=\"https:\/\/fascia.be\/fr\/historique\/\" \/>\n<meta property=\"og:site_name\" content=\"Fascia Coll\u00e8ge\" \/>\n<meta property=\"article:modified_time\" content=\"2025-09-18T07:32:17+00:00\" \/>\n<meta property=\"og:image\" content=\"https:\/\/fascia.be\/wp-content\/uploads\/2021\/01\/Danis-Bois-jpeg.jpeg\" \/>\n\t<meta property=\"og:image:width\" content=\"240\" \/>\n\t<meta property=\"og:image:height\" content=\"240\" \/>\n\t<meta property=\"og:image:type\" content=\"image\/jpeg\" \/>\n<meta name=\"twitter:card\" content=\"summary_large_image\" \/>\n<meta name=\"twitter:label1\" content=\"Dur\u00e9e de lecture estim\u00e9e\" \/>\n\t<meta name=\"twitter:data1\" content=\"2 minutes\" \/>\n<script type=\"application\/ld+json\" class=\"yoast-schema-graph\">{\"@context\":\"https:\\\/\\\/schema.org\",\"@graph\":[{\"@type\":\"WebPage\",\"@id\":\"https:\\\/\\\/fascia.be\\\/fr\\\/historique\\\/\",\"url\":\"https:\\\/\\\/fascia.be\\\/fr\\\/historique\\\/\",\"name\":\"Historique - Fascia Coll\u00e8ge\",\"isPartOf\":{\"@id\":\"https:\\\/\\\/fascia.be\\\/fr\\\/#website\"},\"primaryImageOfPage\":{\"@id\":\"https:\\\/\\\/fascia.be\\\/fr\\\/historique\\\/#primaryimage\"},\"image\":{\"@id\":\"https:\\\/\\\/fascia.be\\\/fr\\\/historique\\\/#primaryimage\"},\"thumbnailUrl\":\"https:\\\/\\\/fascia.be\\\/wp-content\\\/uploads\\\/2021\\\/01\\\/Danis-Bois-jpeg.jpeg\",\"datePublished\":\"2020-10-22T13:22:11+00:00\",\"dateModified\":\"2025-09-18T07:32:17+00:00\",\"breadcrumb\":{\"@id\":\"https:\\\/\\\/fascia.be\\\/fr\\\/historique\\\/#breadcrumb\"},\"inLanguage\":\"fr-FR\",\"potentialAction\":[{\"@type\":\"ReadAction\",\"target\":[\"https:\\\/\\\/fascia.be\\\/fr\\\/historique\\\/\"]}]},{\"@type\":\"ImageObject\",\"inLanguage\":\"fr-FR\",\"@id\":\"https:\\\/\\\/fascia.be\\\/fr\\\/historique\\\/#primaryimage\",\"url\":\"https:\\\/\\\/fascia.be\\\/wp-content\\\/uploads\\\/2021\\\/01\\\/Danis-Bois-jpeg.jpeg\",\"contentUrl\":\"https:\\\/\\\/fascia.be\\\/wp-content\\\/uploads\\\/2021\\\/01\\\/Danis-Bois-jpeg.jpeg\"},{\"@type\":\"BreadcrumbList\",\"@id\":\"https:\\\/\\\/fascia.be\\\/fr\\\/historique\\\/#breadcrumb\",\"itemListElement\":[{\"@type\":\"ListItem\",\"position\":1,\"name\":\"Home\",\"item\":\"https:\\\/\\\/fascia.be\\\/fr\\\/\"},{\"@type\":\"ListItem\",\"position\":2,\"name\":\"Fasciath\u00e9rapie\",\"item\":\"https:\\\/\\\/fascia.be\\\/fr\\\/fasciatherapie\\\/\"},{\"@type\":\"ListItem\",\"position\":3,\"name\":\"Historique\"}]},{\"@type\":\"WebSite\",\"@id\":\"https:\\\/\\\/fascia.be\\\/fr\\\/#website\",\"url\":\"https:\\\/\\\/fascia.be\\\/fr\\\/\",\"name\":\"Fascia Coll\u00e8ge\",\"description\":\"Fasciatherapie en Perceptieve pedagogie\",\"potentialAction\":[{\"@type\":\"SearchAction\",\"target\":{\"@type\":\"EntryPoint\",\"urlTemplate\":\"https:\\\/\\\/fascia.be\\\/fr\\\/?s={search_term_string}\"},\"query-input\":{\"@type\":\"PropertyValueSpecification\",\"valueRequired\":true,\"valueName\":\"search_term_string\"}}],\"inLanguage\":\"fr-FR\"}]}<\/script>\n<!-- \/ Yoast SEO plugin. -->","yoast_head_json":{"title":"Historique - Fascia Coll\u00e8ge","robots":{"index":"index","follow":"follow","max-snippet":"max-snippet:-1","max-image-preview":"max-image-preview:large","max-video-preview":"max-video-preview:-1"},"canonical":"https:\/\/fascia.be\/fr\/historique\/","og_locale":"fr_FR","og_type":"article","og_title":"Historique - Fascia Coll\u00e8ge","og_description":"La fasciath\u00e9rapie est une forme de kin\u00e9sith\u00e9rapie d\u2019\u00e9coute, personnalis\u00e9 et adapt\u00e9 \u00e0 la demande du patient. &#013; &#013; &#013; &#013; Ci-contre: Danis Bois, fondateur de la fasciath\u00e9rapie.&#013; &#013; &#013; &#013; D\u00e9velopp\u00e9e dans les ann\u00e9es \u201880 par le professeur Danis Bois, kin\u00e9sith\u00e9rapeute et ost\u00e9opathe, la fasciath\u00e9rapie MDB (M\u00e9thode Danis Bois) est une m\u00e9thode manuelle douce, non [&hellip;]","og_url":"https:\/\/fascia.be\/fr\/historique\/","og_site_name":"Fascia Coll\u00e8ge","article_modified_time":"2025-09-18T07:32:17+00:00","og_image":[{"width":240,"height":240,"url":"https:\/\/fascia.be\/wp-content\/uploads\/2021\/01\/Danis-Bois-jpeg.jpeg","type":"image\/jpeg"}],"twitter_card":"summary_large_image","twitter_misc":{"Dur\u00e9e de lecture estim\u00e9e":"2 minutes"},"schema":{"@context":"https:\/\/schema.org","@graph":[{"@type":"WebPage","@id":"https:\/\/fascia.be\/fr\/historique\/","url":"https:\/\/fascia.be\/fr\/historique\/","name":"Historique - Fascia Coll\u00e8ge","isPartOf":{"@id":"https:\/\/fascia.be\/fr\/#website"},"primaryImageOfPage":{"@id":"https:\/\/fascia.be\/fr\/historique\/#primaryimage"},"image":{"@id":"https:\/\/fascia.be\/fr\/historique\/#primaryimage"},"thumbnailUrl":"https:\/\/fascia.be\/wp-content\/uploads\/2021\/01\/Danis-Bois-jpeg.jpeg","datePublished":"2020-10-22T13:22:11+00:00","dateModified":"2025-09-18T07:32:17+00:00","breadcrumb":{"@id":"https:\/\/fascia.be\/fr\/historique\/#breadcrumb"},"inLanguage":"fr-FR","potentialAction":[{"@type":"ReadAction","target":["https:\/\/fascia.be\/fr\/historique\/"]}]},{"@type":"ImageObject","inLanguage":"fr-FR","@id":"https:\/\/fascia.be\/fr\/historique\/#primaryimage","url":"https:\/\/fascia.be\/wp-content\/uploads\/2021\/01\/Danis-Bois-jpeg.jpeg","contentUrl":"https:\/\/fascia.be\/wp-content\/uploads\/2021\/01\/Danis-Bois-jpeg.jpeg"},{"@type":"BreadcrumbList","@id":"https:\/\/fascia.be\/fr\/historique\/#breadcrumb","itemListElement":[{"@type":"ListItem","position":1,"name":"Home","item":"https:\/\/fascia.be\/fr\/"},{"@type":"ListItem","position":2,"name":"Fasciath\u00e9rapie","item":"https:\/\/fascia.be\/fr\/fasciatherapie\/"},{"@type":"ListItem","position":3,"name":"Historique"}]},{"@type":"WebSite","@id":"https:\/\/fascia.be\/fr\/#website","url":"https:\/\/fascia.be\/fr\/","name":"Fascia Coll\u00e8ge","description":"Fasciatherapie en Perceptieve pedagogie","potentialAction":[{"@type":"SearchAction","target":{"@type":"EntryPoint","urlTemplate":"https:\/\/fascia.be\/fr\/?s={search_term_string}"},"query-input":{"@type":"PropertyValueSpecification","valueRequired":true,"valueName":"search_term_string"}}],"inLanguage":"fr-FR"}]}},"_links":{"self":[{"href":"https:\/\/fascia.be\/fr\/wp-json\/wp\/v2\/pages\/1597","targetHints":{"allow":["GET"]}}],"collection":[{"href":"https:\/\/fascia.be\/fr\/wp-json\/wp\/v2\/pages"}],"about":[{"href":"https:\/\/fascia.be\/fr\/wp-json\/wp\/v2\/types\/page"}],"author":[{"embeddable":true,"href":"https:\/\/fascia.be\/fr\/wp-json\/wp\/v2\/users\/1"}],"replies":[{"embeddable":true,"href":"https:\/\/fascia.be\/fr\/wp-json\/wp\/v2\/comments?post=1597"}],"version-history":[{"count":5,"href":"https:\/\/fascia.be\/fr\/wp-json\/wp\/v2\/pages\/1597\/revisions"}],"predecessor-version":[{"id":5600,"href":"https:\/\/fascia.be\/fr\/wp-json\/wp\/v2\/pages\/1597\/revisions\/5600"}],"wp:attachment":[{"href":"https:\/\/fascia.be\/fr\/wp-json\/wp\/v2\/media?parent=1597"}],"curies":[{"name":"wp","href":"https:\/\/api.w.org\/{rel}","templated":true}]}}