{"id":1599,"date":"2020-11-30T13:41:15","date_gmt":"2020-11-30T12:41:15","guid":{"rendered":"https:\/\/fascia.be\/fascia-college\/"},"modified":"2024-09-13T12:38:10","modified_gmt":"2024-09-13T10:38:10","slug":"a-propos-du-fascia-college","status":"publish","type":"page","link":"https:\/\/fascia.be\/fr\/a-propos-du-fascia-college\/","title":{"rendered":"\u00c0 propos du Fascia College"},"content":{"rendered":"\nLe Fascia College est une institution \u00e9ducative au sein de l\u2019asbl vzw ELB, qui organise la formation de fasciath\u00e9rapie pour kinesith\u00e9rapeutes, m\u00e9decins, ost\u00e9opathes et param\u00e9dicaux depuis 1993. Le coll\u00e8ge propose \u00e9galement un programme vari\u00e9 de formations continues pour les fasciath\u00e9rapeutes dipl\u00f4m\u00e9s.\n","protected":false},"excerpt":{"rendered":"<p>Le Fascia College est une institution \u00e9ducative au sein de l\u2019asbl vzw ELB, qui organise la formation de fasciath\u00e9rapie pour kinesith\u00e9rapeutes, m\u00e9decins, ost\u00e9opathes et param\u00e9dicaux depuis 1993. Le coll\u00e8ge propose \u00e9galement un programme vari\u00e9 de formations continues pour les fasciath\u00e9rapeutes dipl\u00f4m\u00e9s.<\/p>\n","protected":false},"author":1,"featured_media":0,"parent":0,"menu_order":0,"comment_status":"closed","ping_status":"closed","template":"","meta":{"_acf_changed":false,"footnotes":""},"class_list":["post-1599","page","type-page","status-publish","hentry"],"acf":[],"yoast_head":"<!-- This site is optimized with the Yoast SEO plugin v27.4 - https:\/\/yoast.com\/product\/yoast-seo-wordpress\/ -->\n<title>\u00c0 propos du Fascia College - Fascia Coll\u00e8ge<\/title>\n<meta name=\"robots\" content=\"index, follow, max-snippet:-1, max-image-preview:large, max-video-preview:-1\" \/>\n<link rel=\"canonical\" href=\"https:\/\/fascia.be\/fr\/a-propos-du-fascia-college\/\" \/>\n<meta property=\"og:locale\" content=\"fr_FR\" \/>\n<meta property=\"og:type\" content=\"article\" \/>\n<meta property=\"og:title\" content=\"\u00c0 propos du Fascia College - Fascia Coll\u00e8ge\" \/>\n<meta property=\"og:description\" content=\"Le Fascia College est une institution \u00e9ducative au sein de l\u2019asbl vzw ELB, qui organise la formation de fasciath\u00e9rapie pour kinesith\u00e9rapeutes, m\u00e9decins, ost\u00e9opathes et param\u00e9dicaux depuis 1993. Le coll\u00e8ge propose \u00e9galement un programme vari\u00e9 de formations continues pour les fasciath\u00e9rapeutes dipl\u00f4m\u00e9s.\" \/>\n<meta property=\"og:url\" content=\"https:\/\/fascia.be\/fr\/a-propos-du-fascia-college\/\" \/>\n<meta property=\"og:site_name\" content=\"Fascia Coll\u00e8ge\" \/>\n<meta property=\"article:modified_time\" content=\"2024-09-13T10:38:10+00:00\" \/>\n<meta name=\"twitter:card\" content=\"summary_large_image\" \/>\n<meta name=\"twitter:label1\" content=\"Dur\u00e9e de lecture estim\u00e9e\" \/>\n\t<meta name=\"twitter:data1\" content=\"1 minute\" \/>\n<script type=\"application\/ld+json\" class=\"yoast-schema-graph\">{\"@context\":\"https:\\\/\\\/schema.org\",\"@graph\":[{\"@type\":\"WebPage\",\"@id\":\"https:\\\/\\\/fascia.be\\\/fr\\\/a-propos-du-fascia-college\\\/\",\"url\":\"https:\\\/\\\/fascia.be\\\/fr\\\/a-propos-du-fascia-college\\\/\",\"name\":\"\u00c0 propos du Fascia College - Fascia Coll\u00e8ge\",\"isPartOf\":{\"@id\":\"https:\\\/\\\/fascia.be\\\/fr\\\/#website\"},\"datePublished\":\"2020-11-30T12:41:15+00:00\",\"dateModified\":\"2024-09-13T10:38:10+00:00\",\"breadcrumb\":{\"@id\":\"https:\\\/\\\/fascia.be\\\/fr\\\/a-propos-du-fascia-college\\\/#breadcrumb\"},\"inLanguage\":\"fr-FR\",\"potentialAction\":[{\"@type\":\"ReadAction\",\"target\":[\"https:\\\/\\\/fascia.be\\\/fr\\\/a-propos-du-fascia-college\\\/\"]}]},{\"@type\":\"BreadcrumbList\",\"@id\":\"https:\\\/\\\/fascia.be\\\/fr\\\/a-propos-du-fascia-college\\\/#breadcrumb\",\"itemListElement\":[{\"@type\":\"ListItem\",\"position\":1,\"name\":\"Home\",\"item\":\"https:\\\/\\\/fascia.be\\\/fr\\\/\"},{\"@type\":\"ListItem\",\"position\":2,\"name\":\"\u00c0 propos du Fascia College\"}]},{\"@type\":\"WebSite\",\"@id\":\"https:\\\/\\\/fascia.be\\\/fr\\\/#website\",\"url\":\"https:\\\/\\\/fascia.be\\\/fr\\\/\",\"name\":\"Fascia Coll\u00e8ge\",\"description\":\"Fasciatherapie en Perceptieve pedagogie\",\"potentialAction\":[{\"@type\":\"SearchAction\",\"target\":{\"@type\":\"EntryPoint\",\"urlTemplate\":\"https:\\\/\\\/fascia.be\\\/fr\\\/?s={search_term_string}\"},\"query-input\":{\"@type\":\"PropertyValueSpecification\",\"valueRequired\":true,\"valueName\":\"search_term_string\"}}],\"inLanguage\":\"fr-FR\"}]}<\/script>\n<!-- \/ Yoast SEO plugin. -->","yoast_head_json":{"title":"\u00c0 propos du Fascia College - Fascia Coll\u00e8ge","robots":{"index":"index","follow":"follow","max-snippet":"max-snippet:-1","max-image-preview":"max-image-preview:large","max-video-preview":"max-video-preview:-1"},"canonical":"https:\/\/fascia.be\/fr\/a-propos-du-fascia-college\/","og_locale":"fr_FR","og_type":"article","og_title":"\u00c0 propos du Fascia College - Fascia Coll\u00e8ge","og_description":"Le Fascia College est une institution \u00e9ducative au sein de l\u2019asbl vzw ELB, qui organise la formation de fasciath\u00e9rapie pour kinesith\u00e9rapeutes, m\u00e9decins, ost\u00e9opathes et param\u00e9dicaux depuis 1993. Le coll\u00e8ge propose \u00e9galement un programme vari\u00e9 de formations continues pour les fasciath\u00e9rapeutes dipl\u00f4m\u00e9s.","og_url":"https:\/\/fascia.be\/fr\/a-propos-du-fascia-college\/","og_site_name":"Fascia Coll\u00e8ge","article_modified_time":"2024-09-13T10:38:10+00:00","twitter_card":"summary_large_image","twitter_misc":{"Dur\u00e9e de lecture estim\u00e9e":"1 minute"},"schema":{"@context":"https:\/\/schema.org","@graph":[{"@type":"WebPage","@id":"https:\/\/fascia.be\/fr\/a-propos-du-fascia-college\/","url":"https:\/\/fascia.be\/fr\/a-propos-du-fascia-college\/","name":"\u00c0 propos du Fascia College - Fascia Coll\u00e8ge","isPartOf":{"@id":"https:\/\/fascia.be\/fr\/#website"},"datePublished":"2020-11-30T12:41:15+00:00","dateModified":"2024-09-13T10:38:10+00:00","breadcrumb":{"@id":"https:\/\/fascia.be\/fr\/a-propos-du-fascia-college\/#breadcrumb"},"inLanguage":"fr-FR","potentialAction":[{"@type":"ReadAction","target":["https:\/\/fascia.be\/fr\/a-propos-du-fascia-college\/"]}]},{"@type":"BreadcrumbList","@id":"https:\/\/fascia.be\/fr\/a-propos-du-fascia-college\/#breadcrumb","itemListElement":[{"@type":"ListItem","position":1,"name":"Home","item":"https:\/\/fascia.be\/fr\/"},{"@type":"ListItem","position":2,"name":"\u00c0 propos du Fascia College"}]},{"@type":"WebSite","@id":"https:\/\/fascia.be\/fr\/#website","url":"https:\/\/fascia.be\/fr\/","name":"Fascia Coll\u00e8ge","description":"Fasciatherapie en Perceptieve pedagogie","potentialAction":[{"@type":"SearchAction","target":{"@type":"EntryPoint","urlTemplate":"https:\/\/fascia.be\/fr\/?s={search_term_string}"},"query-input":{"@type":"PropertyValueSpecification","valueRequired":true,"valueName":"search_term_string"}}],"inLanguage":"fr-FR"}]}},"_links":{"self":[{"href":"https:\/\/fascia.be\/fr\/wp-json\/wp\/v2\/pages\/1599","targetHints":{"allow":["GET"]}}],"collection":[{"href":"https:\/\/fascia.be\/fr\/wp-json\/wp\/v2\/pages"}],"about":[{"href":"https:\/\/fascia.be\/fr\/wp-json\/wp\/v2\/types\/page"}],"author":[{"embeddable":true,"href":"https:\/\/fascia.be\/fr\/wp-json\/wp\/v2\/users\/1"}],"replies":[{"embeddable":true,"href":"https:\/\/fascia.be\/fr\/wp-json\/wp\/v2\/comments?post=1599"}],"version-history":[{"count":8,"href":"https:\/\/fascia.be\/fr\/wp-json\/wp\/v2\/pages\/1599\/revisions"}],"predecessor-version":[{"id":15239,"href":"https:\/\/fascia.be\/fr\/wp-json\/wp\/v2\/pages\/1599\/revisions\/15239"}],"wp:attachment":[{"href":"https:\/\/fascia.be\/fr\/wp-json\/wp\/v2\/media?parent=1599"}],"curies":[{"name":"wp","href":"https:\/\/api.w.org\/{rel}","templated":true}]}}