{"id":1607,"date":"2020-11-24T14:13:26","date_gmt":"2020-11-24T13:13:26","guid":{"rendered":"https:\/\/fascia.be\/cookieverklaring\/"},"modified":"2021-04-17T11:58:08","modified_gmt":"2021-04-17T09:58:08","slug":"cookieverklaring","status":"publish","type":"page","link":"https:\/\/fascia.be\/fr\/cookieverklaring\/","title":{"rendered":"D\u00e9claration de cookies"},"content":{"rendered":"\n<p><strong>1. L\u2019emploi de cookies<\/strong><\/p>\n\n<p>www.fascia.be fait usage de cookies. Un cookie est un simple fichier de petite taille, qui est envoy\u00e9 avec des pages de ce site web et\/ou des applications flash et que votre navigateur va stocker sur le disque dur de votre ordinateur, t\u00e9l\u00e9phone portable, montre connect\u00e9e ou tablette. L\u2019information qui s\u2019y trouve stock\u00e9e peut \u00eatre renvoy\u00e9e \u00e0 nos serveurs lors d\u2019un visite suivante.<\/p>\n\n<p>L\u2019utilisation de cookies est d\u2019un importance capitale pour le bon fonctionnement de notre site web, et m\u00eame les cookies qui n\u2019ont pas d\u2019effets imm\u00e9diatement visibles restent tr\u00e8s importants. Gr\u00e2ce aux contributions (anonymes) des visiteurs, nous pouvons am\u00e9liorer l\u2019utilisation de notre site web et rendre celui-ci plus conforme aux d\u00e9sirs des utilisateurs.<\/p>\n\n<p><strong>2. Votre consentement pour l\u2019utilisation de cookies<\/strong><\/p>\n\n<p>Il nous faut votre consentement pour utiliser certains cookies. Nous le faisons au moyen d\u2019un soi-disant cookie banner.<\/p>\n\n<p><strong>3. Les types de cookies utilis\u00e9s et leur finalit\u00e9<\/strong><\/p>\n\n<p>Nous faisons usage des types de cookies suivants :<\/p>\n\n<p><strong>Des cookies fonctionnels:<\/strong> ils nous permettent d\u2019am\u00e9liorer le fonctionnement du site web et de le rendre plus conforme aux d\u00e9sirs des utilisateurs.<\/p>\n\n<p><strong>Des cookies analytiques:<\/strong> ceux-ci font qu\u2019\u00e0 chaque fois que vous visitez un site web un cookie anonyme est g\u00e9n\u00e9r\u00e9. Ces cookies savent que vous avez d\u00e9j\u00e0 visit\u00e9 le site ant\u00e9rieurement ou non. C\u2019est lors de la premi\u00e8re visite qu\u2019un cookie est g\u00e9n\u00e9r\u00e9, tandis qu\u2019\u00e0 l\u2019occasion des visites suivantes, le cookie d\u00e9j\u00e0 existant est utilis\u00e9. Ce cookie sert uniquement \u00e0 l\u2019\u00e9laboration de statistiques. C\u2019est ainsi que les donn\u00e9es suivantes sont collect\u00e9es:<\/p>\n\n<ul class=\"wp-block-list\"><li>le nombre de visiteurs uniques<\/li><li>le nombre de visites par visite<\/li><li>quelles sont les pages lues par les utilisateurs<\/li><li>pendant combien de temps les visiteurs regardent une page<\/li><li>\u00e0 quelle page les visiteurs quittent le site<\/li><\/ul>\n<p><strong>4. Vos droits relatifs \u00e0 vos donn\u00e9es<\/strong><\/p>\n\n<p>Vous avez le droit de consulter, rectifier, limiter et faire effacer les donn\u00e9es \u00e0 caract\u00e8re personnel. En plus vous avez le droit d\u2019exprimer des r\u00e9serves contre le traitement de donn\u00e9es \u00e0 caract\u00e8re personnel et le droit de transf\u00e9rabilit\u00e9 de donn\u00e9es personnelles. Vous pouvez exercer ces droits en nous envoyant un e-mail par info@fascia.be. Pour \u00e9viter tout abus, nous pouvons vous demander de vous identifier de fa\u00e7on ad\u00e9quate. Quand il s\u2019agit de consulter des donn\u00e9es \u00e0 caract\u00e8re personnel attach\u00e9es \u00e0 un cookie, nous vous demandons de joindre une copie du cookie concern\u00e9 \u00e0 votre e-mail. Vous pouvez retrouver ceci dans les param\u00e8tres de votre navigateur.<\/p>\n\n<p><strong>5. Blocage et effacement de cookies<\/strong><\/p>\n\n<p>Vous pouvez vous-m\u00eame bloquer des cookies \u00e0 tout moment et d\u2019une mani\u00e8re simple par le biais de votre navigateur. Vous pouvez \u00e9galement organiser les param\u00e8tres de votre navigateur de fa\u00e7on \u00e0 recevoir un message quand un cookie vient d\u2019\u00eatre ins\u00e9r\u00e9. Vous pouvez \u00e9galement signaler certains cookies dont vous refusez l\u2019insertion. Pour cette possibilit\u00e9, veuillez examiner la fonction d\u2019aide de votre navigateur. L\u2019effacement des cookies de votre navigateur peut influer sur l\u2019utilisation agr\u00e9able de ce site web.<\/p>\n\n<p>Soyez conscient que si vous ne voulez pas de cookies, nous ne pouvons plus garantir le bon fonctionnement de notre site web. Il est possible que certaines fonctions se perdent ou m\u00eame que nous ne pourrez plus visiter le site web.<\/p>\n\n<p>La mani\u00e8re d\u2019adapter les param\u00e8tres diff\u00e8re selon les navigateurs. Consultez si n\u00e9cessaire la fonction d\u2019aide de votre navigateur ou cliquez sur un des liens suivants pour acc\u00e9der directement au manuel d\u2019instructions de votre navigateur. <strong>Firefox:<\/strong> https:\/\/support.mozilla.org\/nl\/kb\/cookies-verwijderen-gegevens-wissen-websites-opgeslagen&#13;\n<strong>Google Chrome:<\/strong> https:\/\/support.google.com\/chrome\/answer\/95647?co=GENIE.Platform=Desktop&amp;hl=nl&#13;\n<strong>Internet Explorer:<\/strong> https:\/\/support.microsoft.com\/nl-nl\/kb\/278835&#13;\n<strong>Safari:<\/strong> https:\/\/support.apple.com\/kb\/ph21411?locale=nl_NL<\/p>\n\n<p><strong>6. Nouveaux d\u00e9veloppements et cookies impr\u00e9vus<\/strong><\/p>\n\n<p>Les textes de notre site web peuvent \u00eatre adapt\u00e9s \u00e0 tout moment en raison des d\u00e9veloppements incessants. Cela vaut \u00e9galement pour notre D\u00e9claration de cookies. Veuillez relire r\u00e9guli\u00e8rement cette D\u00e9claration afin de rester au courant des changements \u00e9ventuels.&#13;\n&#13;\nDes articles blog peuvent utiliser du contenu provenant d\u2019autres sites et que Fascia College rend accessible au moyen de certains codes (contenu int\u00e9gr\u00e9). Pensez par exemples aux vid\u00e9os YouTube. Ces codes se servent souvent de cookies. Nous n\u2019avons cependant pas de contr\u00f4le sur la mani\u00e8re dont ces tierces parties utilisent leurs cookies.<\/p>\n\n<p><strong>7. Consid\u00e9rations finales<\/strong><\/p>\n\n<p>Nous devrons adapter ces d\u00e9clarations de temps en temps, par exemple quand nous adaptons notre site web ou quand les r\u00e8glements portant sur les cookies subissent des modifications. Vous pouvez consulter la pr\u00e9sente page web pour acc\u00e9der \u00e0 la derni\u00e8re version.&#13;\n&#13;\nSi vous avez des questions et\/ou des remarques, veuillez contacter <a href=\"mailto:info@fascia.be\">info@fascia.be<\/a>.<\/p>\n\n<p>La pr\u00e9sente version a \u00e9t\u00e9 r\u00e9dig\u00e9e en f\u00e9vrier 2021.<\/p>\n","protected":false},"excerpt":{"rendered":"<p>1. L\u2019emploi de cookies www.fascia.be fait usage de cookies. Un cookie est un simple fichier de petite taille, qui est envoy\u00e9 avec des pages de ce site web et\/ou des applications flash et que votre navigateur va stocker sur le disque dur de votre ordinateur, t\u00e9l\u00e9phone portable, montre connect\u00e9e ou tablette. L\u2019information qui s\u2019y trouve [&hellip;]<\/p>\n","protected":false},"author":1,"featured_media":0,"parent":0,"menu_order":0,"comment_status":"closed","ping_status":"closed","template":"","meta":{"_acf_changed":false,"footnotes":""},"class_list":["post-1607","page","type-page","status-publish","hentry"],"acf":[],"yoast_head":"<!-- This site is optimized with the Yoast SEO plugin v27.4 - https:\/\/yoast.com\/product\/yoast-seo-wordpress\/ -->\n<title>D\u00e9claration de cookies - Fascia Coll\u00e8ge<\/title>\n<meta name=\"robots\" content=\"index, follow, max-snippet:-1, max-image-preview:large, max-video-preview:-1\" \/>\n<link rel=\"canonical\" href=\"https:\/\/fascia.be\/fr\/cookieverklaring\/\" \/>\n<meta property=\"og:locale\" content=\"fr_FR\" \/>\n<meta property=\"og:type\" content=\"article\" \/>\n<meta property=\"og:title\" content=\"D\u00e9claration de cookies - Fascia Coll\u00e8ge\" \/>\n<meta property=\"og:description\" content=\"1. L\u2019emploi de cookies www.fascia.be fait usage de cookies. Un cookie est un simple fichier de petite taille, qui est envoy\u00e9 avec des pages de ce site web et\/ou des applications flash et que votre navigateur va stocker sur le disque dur de votre ordinateur, t\u00e9l\u00e9phone portable, montre connect\u00e9e ou tablette. L\u2019information qui s\u2019y trouve [&hellip;]\" \/>\n<meta property=\"og:url\" content=\"https:\/\/fascia.be\/fr\/cookieverklaring\/\" \/>\n<meta property=\"og:site_name\" content=\"Fascia Coll\u00e8ge\" \/>\n<meta property=\"article:modified_time\" content=\"2021-04-17T09:58:08+00:00\" \/>\n<meta name=\"twitter:card\" content=\"summary_large_image\" \/>\n<meta name=\"twitter:label1\" content=\"Dur\u00e9e de lecture estim\u00e9e\" \/>\n\t<meta name=\"twitter:data1\" content=\"4 minutes\" \/>\n<script type=\"application\/ld+json\" class=\"yoast-schema-graph\">{\"@context\":\"https:\\\/\\\/schema.org\",\"@graph\":[{\"@type\":\"WebPage\",\"@id\":\"https:\\\/\\\/fascia.be\\\/fr\\\/cookieverklaring\\\/\",\"url\":\"https:\\\/\\\/fascia.be\\\/fr\\\/cookieverklaring\\\/\",\"name\":\"D\u00e9claration de cookies - Fascia Coll\u00e8ge\",\"isPartOf\":{\"@id\":\"https:\\\/\\\/fascia.be\\\/fr\\\/#website\"},\"datePublished\":\"2020-11-24T13:13:26+00:00\",\"dateModified\":\"2021-04-17T09:58:08+00:00\",\"breadcrumb\":{\"@id\":\"https:\\\/\\\/fascia.be\\\/fr\\\/cookieverklaring\\\/#breadcrumb\"},\"inLanguage\":\"fr-FR\",\"potentialAction\":[{\"@type\":\"ReadAction\",\"target\":[\"https:\\\/\\\/fascia.be\\\/fr\\\/cookieverklaring\\\/\"]}]},{\"@type\":\"BreadcrumbList\",\"@id\":\"https:\\\/\\\/fascia.be\\\/fr\\\/cookieverklaring\\\/#breadcrumb\",\"itemListElement\":[{\"@type\":\"ListItem\",\"position\":1,\"name\":\"Home\",\"item\":\"https:\\\/\\\/fascia.be\\\/fr\\\/\"},{\"@type\":\"ListItem\",\"position\":2,\"name\":\"D\u00e9claration de cookies\"}]},{\"@type\":\"WebSite\",\"@id\":\"https:\\\/\\\/fascia.be\\\/fr\\\/#website\",\"url\":\"https:\\\/\\\/fascia.be\\\/fr\\\/\",\"name\":\"Fascia Coll\u00e8ge\",\"description\":\"Fasciatherapie en Perceptieve pedagogie\",\"potentialAction\":[{\"@type\":\"SearchAction\",\"target\":{\"@type\":\"EntryPoint\",\"urlTemplate\":\"https:\\\/\\\/fascia.be\\\/fr\\\/?s={search_term_string}\"},\"query-input\":{\"@type\":\"PropertyValueSpecification\",\"valueRequired\":true,\"valueName\":\"search_term_string\"}}],\"inLanguage\":\"fr-FR\"}]}<\/script>\n<!-- \/ Yoast SEO plugin. -->","yoast_head_json":{"title":"D\u00e9claration de cookies - Fascia Coll\u00e8ge","robots":{"index":"index","follow":"follow","max-snippet":"max-snippet:-1","max-image-preview":"max-image-preview:large","max-video-preview":"max-video-preview:-1"},"canonical":"https:\/\/fascia.be\/fr\/cookieverklaring\/","og_locale":"fr_FR","og_type":"article","og_title":"D\u00e9claration de cookies - Fascia Coll\u00e8ge","og_description":"1. L\u2019emploi de cookies www.fascia.be fait usage de cookies. Un cookie est un simple fichier de petite taille, qui est envoy\u00e9 avec des pages de ce site web et\/ou des applications flash et que votre navigateur va stocker sur le disque dur de votre ordinateur, t\u00e9l\u00e9phone portable, montre connect\u00e9e ou tablette. L\u2019information qui s\u2019y trouve [&hellip;]","og_url":"https:\/\/fascia.be\/fr\/cookieverklaring\/","og_site_name":"Fascia Coll\u00e8ge","article_modified_time":"2021-04-17T09:58:08+00:00","twitter_card":"summary_large_image","twitter_misc":{"Dur\u00e9e de lecture estim\u00e9e":"4 minutes"},"schema":{"@context":"https:\/\/schema.org","@graph":[{"@type":"WebPage","@id":"https:\/\/fascia.be\/fr\/cookieverklaring\/","url":"https:\/\/fascia.be\/fr\/cookieverklaring\/","name":"D\u00e9claration de cookies - Fascia Coll\u00e8ge","isPartOf":{"@id":"https:\/\/fascia.be\/fr\/#website"},"datePublished":"2020-11-24T13:13:26+00:00","dateModified":"2021-04-17T09:58:08+00:00","breadcrumb":{"@id":"https:\/\/fascia.be\/fr\/cookieverklaring\/#breadcrumb"},"inLanguage":"fr-FR","potentialAction":[{"@type":"ReadAction","target":["https:\/\/fascia.be\/fr\/cookieverklaring\/"]}]},{"@type":"BreadcrumbList","@id":"https:\/\/fascia.be\/fr\/cookieverklaring\/#breadcrumb","itemListElement":[{"@type":"ListItem","position":1,"name":"Home","item":"https:\/\/fascia.be\/fr\/"},{"@type":"ListItem","position":2,"name":"D\u00e9claration de cookies"}]},{"@type":"WebSite","@id":"https:\/\/fascia.be\/fr\/#website","url":"https:\/\/fascia.be\/fr\/","name":"Fascia Coll\u00e8ge","description":"Fasciatherapie en Perceptieve pedagogie","potentialAction":[{"@type":"SearchAction","target":{"@type":"EntryPoint","urlTemplate":"https:\/\/fascia.be\/fr\/?s={search_term_string}"},"query-input":{"@type":"PropertyValueSpecification","valueRequired":true,"valueName":"search_term_string"}}],"inLanguage":"fr-FR"}]}},"_links":{"self":[{"href":"https:\/\/fascia.be\/fr\/wp-json\/wp\/v2\/pages\/1607","targetHints":{"allow":["GET"]}}],"collection":[{"href":"https:\/\/fascia.be\/fr\/wp-json\/wp\/v2\/pages"}],"about":[{"href":"https:\/\/fascia.be\/fr\/wp-json\/wp\/v2\/types\/page"}],"author":[{"embeddable":true,"href":"https:\/\/fascia.be\/fr\/wp-json\/wp\/v2\/users\/1"}],"replies":[{"embeddable":true,"href":"https:\/\/fascia.be\/fr\/wp-json\/wp\/v2\/comments?post=1607"}],"version-history":[{"count":4,"href":"https:\/\/fascia.be\/fr\/wp-json\/wp\/v2\/pages\/1607\/revisions"}],"predecessor-version":[{"id":2355,"href":"https:\/\/fascia.be\/fr\/wp-json\/wp\/v2\/pages\/1607\/revisions\/2355"}],"wp:attachment":[{"href":"https:\/\/fascia.be\/fr\/wp-json\/wp\/v2\/media?parent=1607"}],"curies":[{"name":"wp","href":"https:\/\/api.w.org\/{rel}","templated":true}]}}