{"id":1615,"date":"2021-02-04T18:03:54","date_gmt":"2021-02-04T17:03:54","guid":{"rendered":"https:\/\/fascia.be\/educatief-verlof\/"},"modified":"2023-03-02T15:28:22","modified_gmt":"2023-03-02T14:28:22","slug":"educatief-verlof","status":"publish","type":"page","link":"https:\/\/fascia.be\/fr\/a-propos-du-fascia-college\/educatief-verlof\/","title":{"rendered":"Cong\u00e9 d&rsquo;\u00e9ducation"},"content":{"rendered":"\n<p>Au fil des ans, une \u00e9quipe multidisciplinaire s\u2019est form\u00e9e autour du professeur Danis Bois, fondateur de la fasciath\u00e9rapie.&#13;\n&#13;\nDepuis 20 ans, cette \u00e9quipe fait des recherches dans le domaine de la sant\u00e9, du mouvement et de l\u2019\u00eatre humain. Tous les enseignants du Coll\u00e8ge de Fasciath\u00e9rapie, disposent d\u2019une grande exp\u00e9rience dans les domaines de l\u2019accompagnement d\u2019individus et de l\u2019\u00e9ducation. Ils font depuis 10 ans au moins partie du centre de recherche et de formation, fond\u00e9 par Danis Bois. Au Portugal, nous avons notre propre centre d\u2019\u00e9tude universitaire (CERAP).<\/p>\n\n<p><\/p>\n\n<p><\/p>\n","protected":false},"excerpt":{"rendered":"<p>Au fil des ans, une \u00e9quipe multidisciplinaire s\u2019est form\u00e9e autour du professeur Danis Bois, fondateur de la fasciath\u00e9rapie.&#13; &#13; Depuis 20 ans, cette \u00e9quipe fait des recherches dans le domaine de la sant\u00e9, du mouvement et de l\u2019\u00eatre humain. Tous les enseignants du Coll\u00e8ge de Fasciath\u00e9rapie, disposent d\u2019une grande exp\u00e9rience dans les domaines de l\u2019accompagnement [&hellip;]<\/p>\n","protected":false},"author":1,"featured_media":0,"parent":1599,"menu_order":0,"comment_status":"closed","ping_status":"closed","template":"","meta":{"_acf_changed":false,"footnotes":""},"class_list":["post-1615","page","type-page","status-publish","hentry"],"acf":[],"yoast_head":"<!-- This site is optimized with the Yoast SEO plugin v27.4 - https:\/\/yoast.com\/product\/yoast-seo-wordpress\/ -->\n<title>Cong\u00e9 d&#039;\u00e9ducation - Fascia Coll\u00e8ge<\/title>\n<meta name=\"robots\" content=\"index, follow, max-snippet:-1, max-image-preview:large, max-video-preview:-1\" \/>\n<link rel=\"canonical\" href=\"https:\/\/fascia.be\/fr\/a-propos-du-fascia-college\/educatief-verlof\/\" \/>\n<meta property=\"og:locale\" content=\"fr_FR\" \/>\n<meta property=\"og:type\" content=\"article\" \/>\n<meta property=\"og:title\" content=\"Cong\u00e9 d&#039;\u00e9ducation - Fascia Coll\u00e8ge\" \/>\n<meta property=\"og:description\" content=\"Au fil des ans, une \u00e9quipe multidisciplinaire s\u2019est form\u00e9e autour du professeur Danis Bois, fondateur de la fasciath\u00e9rapie.&#013; &#013; Depuis 20 ans, cette \u00e9quipe fait des recherches dans le domaine de la sant\u00e9, du mouvement et de l\u2019\u00eatre humain. Tous les enseignants du Coll\u00e8ge de Fasciath\u00e9rapie, disposent d\u2019une grande exp\u00e9rience dans les domaines de l\u2019accompagnement [&hellip;]\" \/>\n<meta property=\"og:url\" content=\"https:\/\/fascia.be\/fr\/a-propos-du-fascia-college\/educatief-verlof\/\" \/>\n<meta property=\"og:site_name\" content=\"Fascia Coll\u00e8ge\" \/>\n<meta property=\"article:modified_time\" content=\"2023-03-02T14:28:22+00:00\" \/>\n<meta name=\"twitter:card\" content=\"summary_large_image\" \/>\n<script type=\"application\/ld+json\" class=\"yoast-schema-graph\">{\"@context\":\"https:\\\/\\\/schema.org\",\"@graph\":[{\"@type\":\"WebPage\",\"@id\":\"https:\\\/\\\/fascia.be\\\/fr\\\/a-propos-du-fascia-college\\\/educatief-verlof\\\/\",\"url\":\"https:\\\/\\\/fascia.be\\\/fr\\\/a-propos-du-fascia-college\\\/educatief-verlof\\\/\",\"name\":\"Cong\u00e9 d'\u00e9ducation - Fascia Coll\u00e8ge\",\"isPartOf\":{\"@id\":\"https:\\\/\\\/fascia.be\\\/fr\\\/#website\"},\"datePublished\":\"2021-02-04T17:03:54+00:00\",\"dateModified\":\"2023-03-02T14:28:22+00:00\",\"breadcrumb\":{\"@id\":\"https:\\\/\\\/fascia.be\\\/fr\\\/a-propos-du-fascia-college\\\/educatief-verlof\\\/#breadcrumb\"},\"inLanguage\":\"fr-FR\",\"potentialAction\":[{\"@type\":\"ReadAction\",\"target\":[\"https:\\\/\\\/fascia.be\\\/fr\\\/a-propos-du-fascia-college\\\/educatief-verlof\\\/\"]}]},{\"@type\":\"BreadcrumbList\",\"@id\":\"https:\\\/\\\/fascia.be\\\/fr\\\/a-propos-du-fascia-college\\\/educatief-verlof\\\/#breadcrumb\",\"itemListElement\":[{\"@type\":\"ListItem\",\"position\":1,\"name\":\"Home\",\"item\":\"https:\\\/\\\/fascia.be\\\/fr\\\/\"},{\"@type\":\"ListItem\",\"position\":2,\"name\":\"\u00c0 propos du Fascia College\",\"item\":\"https:\\\/\\\/fascia.be\\\/fr\\\/a-propos-du-fascia-college\\\/\"},{\"@type\":\"ListItem\",\"position\":3,\"name\":\"Cong\u00e9 d&#8217;\u00e9ducation\"}]},{\"@type\":\"WebSite\",\"@id\":\"https:\\\/\\\/fascia.be\\\/fr\\\/#website\",\"url\":\"https:\\\/\\\/fascia.be\\\/fr\\\/\",\"name\":\"Fascia Coll\u00e8ge\",\"description\":\"Fasciatherapie en Perceptieve pedagogie\",\"potentialAction\":[{\"@type\":\"SearchAction\",\"target\":{\"@type\":\"EntryPoint\",\"urlTemplate\":\"https:\\\/\\\/fascia.be\\\/fr\\\/?s={search_term_string}\"},\"query-input\":{\"@type\":\"PropertyValueSpecification\",\"valueRequired\":true,\"valueName\":\"search_term_string\"}}],\"inLanguage\":\"fr-FR\"}]}<\/script>\n<!-- \/ Yoast SEO plugin. -->","yoast_head_json":{"title":"Cong\u00e9 d'\u00e9ducation - Fascia Coll\u00e8ge","robots":{"index":"index","follow":"follow","max-snippet":"max-snippet:-1","max-image-preview":"max-image-preview:large","max-video-preview":"max-video-preview:-1"},"canonical":"https:\/\/fascia.be\/fr\/a-propos-du-fascia-college\/educatief-verlof\/","og_locale":"fr_FR","og_type":"article","og_title":"Cong\u00e9 d'\u00e9ducation - Fascia Coll\u00e8ge","og_description":"Au fil des ans, une \u00e9quipe multidisciplinaire s\u2019est form\u00e9e autour du professeur Danis Bois, fondateur de la fasciath\u00e9rapie.&#13; &#13; Depuis 20 ans, cette \u00e9quipe fait des recherches dans le domaine de la sant\u00e9, du mouvement et de l\u2019\u00eatre humain. Tous les enseignants du Coll\u00e8ge de Fasciath\u00e9rapie, disposent d\u2019une grande exp\u00e9rience dans les domaines de l\u2019accompagnement [&hellip;]","og_url":"https:\/\/fascia.be\/fr\/a-propos-du-fascia-college\/educatief-verlof\/","og_site_name":"Fascia Coll\u00e8ge","article_modified_time":"2023-03-02T14:28:22+00:00","twitter_card":"summary_large_image","schema":{"@context":"https:\/\/schema.org","@graph":[{"@type":"WebPage","@id":"https:\/\/fascia.be\/fr\/a-propos-du-fascia-college\/educatief-verlof\/","url":"https:\/\/fascia.be\/fr\/a-propos-du-fascia-college\/educatief-verlof\/","name":"Cong\u00e9 d'\u00e9ducation - Fascia Coll\u00e8ge","isPartOf":{"@id":"https:\/\/fascia.be\/fr\/#website"},"datePublished":"2021-02-04T17:03:54+00:00","dateModified":"2023-03-02T14:28:22+00:00","breadcrumb":{"@id":"https:\/\/fascia.be\/fr\/a-propos-du-fascia-college\/educatief-verlof\/#breadcrumb"},"inLanguage":"fr-FR","potentialAction":[{"@type":"ReadAction","target":["https:\/\/fascia.be\/fr\/a-propos-du-fascia-college\/educatief-verlof\/"]}]},{"@type":"BreadcrumbList","@id":"https:\/\/fascia.be\/fr\/a-propos-du-fascia-college\/educatief-verlof\/#breadcrumb","itemListElement":[{"@type":"ListItem","position":1,"name":"Home","item":"https:\/\/fascia.be\/fr\/"},{"@type":"ListItem","position":2,"name":"\u00c0 propos du Fascia College","item":"https:\/\/fascia.be\/fr\/a-propos-du-fascia-college\/"},{"@type":"ListItem","position":3,"name":"Cong\u00e9 d&#8217;\u00e9ducation"}]},{"@type":"WebSite","@id":"https:\/\/fascia.be\/fr\/#website","url":"https:\/\/fascia.be\/fr\/","name":"Fascia Coll\u00e8ge","description":"Fasciatherapie en Perceptieve pedagogie","potentialAction":[{"@type":"SearchAction","target":{"@type":"EntryPoint","urlTemplate":"https:\/\/fascia.be\/fr\/?s={search_term_string}"},"query-input":{"@type":"PropertyValueSpecification","valueRequired":true,"valueName":"search_term_string"}}],"inLanguage":"fr-FR"}]}},"_links":{"self":[{"href":"https:\/\/fascia.be\/fr\/wp-json\/wp\/v2\/pages\/1615","targetHints":{"allow":["GET"]}}],"collection":[{"href":"https:\/\/fascia.be\/fr\/wp-json\/wp\/v2\/pages"}],"about":[{"href":"https:\/\/fascia.be\/fr\/wp-json\/wp\/v2\/types\/page"}],"author":[{"embeddable":true,"href":"https:\/\/fascia.be\/fr\/wp-json\/wp\/v2\/users\/1"}],"replies":[{"embeddable":true,"href":"https:\/\/fascia.be\/fr\/wp-json\/wp\/v2\/comments?post=1615"}],"version-history":[{"count":7,"href":"https:\/\/fascia.be\/fr\/wp-json\/wp\/v2\/pages\/1615\/revisions"}],"predecessor-version":[{"id":9192,"href":"https:\/\/fascia.be\/fr\/wp-json\/wp\/v2\/pages\/1615\/revisions\/9192"}],"up":[{"embeddable":true,"href":"https:\/\/fascia.be\/fr\/wp-json\/wp\/v2\/pages\/1599"}],"wp:attachment":[{"href":"https:\/\/fascia.be\/fr\/wp-json\/wp\/v2\/media?parent=1615"}],"curies":[{"name":"wp","href":"https:\/\/api.w.org\/{rel}","templated":true}]}}