{"id":1622,"date":"2020-10-22T16:05:13","date_gmt":"2020-10-22T14:05:13","guid":{"rendered":"https:\/\/fascia.be\/fasciatherapie\/les-champs-dapplication\/"},"modified":"2025-09-18T09:32:26","modified_gmt":"2025-09-18T07:32:26","slug":"les-champs-dapplication","status":"publish","type":"page","link":"https:\/\/fascia.be\/fr\/les-champs-dapplication\/","title":{"rendered":"Les champs d\u2019application"},"content":{"rendered":"\n<p>Voici un aper\u00e7u des pathologies qui peuvent amener une personne \u00e0 consulter un fasciath\u00e9rapeute.<\/p>\n\n\n\n<p>Les champs d\u2019application:<\/p>\n\n\n\n<p>Chez l&rsquo;adulte<\/p>\n\n\n\n<ul class=\"wp-block-list\"><li>personnes anxieuses,&nbsp;en situation de stress, de fatigue, de burn-out, de m\u00e2l-\u00eatre\u2026<\/li><li>douleurs chroniques&nbsp;: arthrose, lombalgie, cervicalgie, fibromyalgie, rhumatismes&#8230;<\/li><li>douleurs aigu\u00ebs&nbsp;: lumbagos, sciatiques, cruralgies, torticolis, tendinites.<\/li><li>traumatologie&nbsp;: entorses, pathologies musculaires, apr\u00e8s une intervention chirurgicale, en m\u00e9decine du sport, pr\u00e9vention de l\u00e9sions.<\/li><li>pathologies de la sph\u00e8re cr\u00e2nienne&nbsp;: c\u00e9phal\u00e9es, migraines, n\u00e9vralgies d\u2019Arnold ou du trijumeau, acouph\u00e8nes&#8230;<\/li><li>pathologies de la sph\u00e8re abdominale et uro-gyn\u00e9cologiques&nbsp;: troubles du transit, syndrome du c\u00f4lon irritable, r\u00e8gles douloureuses&#8230;<\/li><li>soins de support&nbsp;: accompagnement pendant les p\u00e9riodes de radioth\u00e9rapie\/chimioth\u00e9rapie, soin palliatif, en post-chirurgie\u2026<\/li><\/ul>\n\n\n\n<p>Chez l&rsquo;enfant&nbsp;<\/p>\n\n\n\n<ul class=\"wp-block-list\"><li>Troubles de la posture et du d\u00e9veloppement psychomoteur\u00a0: plagioc\u00e9phalie, torticolis, raideur globale, pr\u00e9maturit\u00e9,<\/li><li>Troubles du sommeil<\/li><li>Troubles digestifs\u00a0: reflux gastro-oesophagien, coliques.<\/li><li>Affections ORL\u00a0: otites, rhinites, bronchiolites, bronchites.<\/li><li>Autres troubles\u00a0: probl\u00e8mes du plexus brachial, probl\u00e8mes de hanches ou de pieds, canaux lacrymaux bouch\u00e9s, pouss\u00e9es dentaires, troubles relationnels<\/li><\/ul>\n\n\n\n<p><em>La fasciath\u00e9rapie ne se substitue en aucun cas \u00e0 un diagnostic suivi m\u00e9dical.<\/em><\/p>\n","protected":false},"excerpt":{"rendered":"<p>Voici un aper\u00e7u des pathologies qui peuvent amener une personne \u00e0 consulter un fasciath\u00e9rapeute. Les champs d\u2019application: Chez l&rsquo;adulte personnes anxieuses,&nbsp;en situation de stress, de fatigue, de burn-out, de m\u00e2l-\u00eatre\u2026 douleurs chroniques&nbsp;: arthrose, lombalgie, cervicalgie, fibromyalgie, rhumatismes&#8230; douleurs aigu\u00ebs&nbsp;: lumbagos, sciatiques, cruralgies, torticolis, tendinites. traumatologie&nbsp;: entorses, pathologies musculaires, apr\u00e8s une intervention chirurgicale, en m\u00e9decine du [&hellip;]<\/p>\n","protected":false},"author":1,"featured_media":0,"parent":0,"menu_order":0,"comment_status":"closed","ping_status":"closed","template":"","meta":{"_acf_changed":false,"footnotes":""},"class_list":["post-1622","page","type-page","status-publish","hentry"],"acf":[],"yoast_head":"<!-- This site is optimized with the Yoast SEO plugin v27.4 - https:\/\/yoast.com\/product\/yoast-seo-wordpress\/ -->\n<title>Les champs d\u2019application - Fascia Coll\u00e8ge<\/title>\n<meta name=\"robots\" content=\"index, follow, max-snippet:-1, max-image-preview:large, max-video-preview:-1\" \/>\n<link rel=\"canonical\" href=\"https:\/\/fascia.be\/fr\/les-champs-dapplication\/\" \/>\n<meta property=\"og:locale\" content=\"fr_FR\" \/>\n<meta property=\"og:type\" content=\"article\" \/>\n<meta property=\"og:title\" content=\"Les champs d\u2019application - Fascia Coll\u00e8ge\" \/>\n<meta property=\"og:description\" content=\"Voici un aper\u00e7u des pathologies qui peuvent amener une personne \u00e0 consulter un fasciath\u00e9rapeute. Les champs d\u2019application: Chez l&rsquo;adulte personnes anxieuses,&nbsp;en situation de stress, de fatigue, de burn-out, de m\u00e2l-\u00eatre\u2026 douleurs chroniques&nbsp;: arthrose, lombalgie, cervicalgie, fibromyalgie, rhumatismes&#8230; douleurs aigu\u00ebs&nbsp;: lumbagos, sciatiques, cruralgies, torticolis, tendinites. traumatologie&nbsp;: entorses, pathologies musculaires, apr\u00e8s une intervention chirurgicale, en m\u00e9decine du [&hellip;]\" \/>\n<meta property=\"og:url\" content=\"https:\/\/fascia.be\/fr\/les-champs-dapplication\/\" \/>\n<meta property=\"og:site_name\" content=\"Fascia Coll\u00e8ge\" \/>\n<meta property=\"article:modified_time\" content=\"2025-09-18T07:32:26+00:00\" \/>\n<meta name=\"twitter:card\" content=\"summary_large_image\" \/>\n<meta name=\"twitter:label1\" content=\"Dur\u00e9e de lecture estim\u00e9e\" \/>\n\t<meta name=\"twitter:data1\" content=\"1 minute\" \/>\n<script type=\"application\/ld+json\" class=\"yoast-schema-graph\">{\"@context\":\"https:\\\/\\\/schema.org\",\"@graph\":[{\"@type\":\"WebPage\",\"@id\":\"https:\\\/\\\/fascia.be\\\/fr\\\/les-champs-dapplication\\\/\",\"url\":\"https:\\\/\\\/fascia.be\\\/fr\\\/les-champs-dapplication\\\/\",\"name\":\"Les champs d\u2019application - Fascia Coll\u00e8ge\",\"isPartOf\":{\"@id\":\"https:\\\/\\\/fascia.be\\\/fr\\\/#website\"},\"datePublished\":\"2020-10-22T14:05:13+00:00\",\"dateModified\":\"2025-09-18T07:32:26+00:00\",\"breadcrumb\":{\"@id\":\"https:\\\/\\\/fascia.be\\\/fr\\\/les-champs-dapplication\\\/#breadcrumb\"},\"inLanguage\":\"fr-FR\",\"potentialAction\":[{\"@type\":\"ReadAction\",\"target\":[\"https:\\\/\\\/fascia.be\\\/fr\\\/les-champs-dapplication\\\/\"]}]},{\"@type\":\"BreadcrumbList\",\"@id\":\"https:\\\/\\\/fascia.be\\\/fr\\\/les-champs-dapplication\\\/#breadcrumb\",\"itemListElement\":[{\"@type\":\"ListItem\",\"position\":1,\"name\":\"Home\",\"item\":\"https:\\\/\\\/fascia.be\\\/fr\\\/\"},{\"@type\":\"ListItem\",\"position\":2,\"name\":\"Fasciath\u00e9rapie\",\"item\":\"https:\\\/\\\/fascia.be\\\/fr\\\/fasciatherapie\\\/\"},{\"@type\":\"ListItem\",\"position\":3,\"name\":\"Les champs d\u2019application\"}]},{\"@type\":\"WebSite\",\"@id\":\"https:\\\/\\\/fascia.be\\\/fr\\\/#website\",\"url\":\"https:\\\/\\\/fascia.be\\\/fr\\\/\",\"name\":\"Fascia Coll\u00e8ge\",\"description\":\"Fasciatherapie en Perceptieve pedagogie\",\"potentialAction\":[{\"@type\":\"SearchAction\",\"target\":{\"@type\":\"EntryPoint\",\"urlTemplate\":\"https:\\\/\\\/fascia.be\\\/fr\\\/?s={search_term_string}\"},\"query-input\":{\"@type\":\"PropertyValueSpecification\",\"valueRequired\":true,\"valueName\":\"search_term_string\"}}],\"inLanguage\":\"fr-FR\"}]}<\/script>\n<!-- \/ Yoast SEO plugin. -->","yoast_head_json":{"title":"Les champs d\u2019application - Fascia Coll\u00e8ge","robots":{"index":"index","follow":"follow","max-snippet":"max-snippet:-1","max-image-preview":"max-image-preview:large","max-video-preview":"max-video-preview:-1"},"canonical":"https:\/\/fascia.be\/fr\/les-champs-dapplication\/","og_locale":"fr_FR","og_type":"article","og_title":"Les champs d\u2019application - Fascia Coll\u00e8ge","og_description":"Voici un aper\u00e7u des pathologies qui peuvent amener une personne \u00e0 consulter un fasciath\u00e9rapeute. Les champs d\u2019application: Chez l&rsquo;adulte personnes anxieuses,&nbsp;en situation de stress, de fatigue, de burn-out, de m\u00e2l-\u00eatre\u2026 douleurs chroniques&nbsp;: arthrose, lombalgie, cervicalgie, fibromyalgie, rhumatismes&#8230; douleurs aigu\u00ebs&nbsp;: lumbagos, sciatiques, cruralgies, torticolis, tendinites. traumatologie&nbsp;: entorses, pathologies musculaires, apr\u00e8s une intervention chirurgicale, en m\u00e9decine du [&hellip;]","og_url":"https:\/\/fascia.be\/fr\/les-champs-dapplication\/","og_site_name":"Fascia Coll\u00e8ge","article_modified_time":"2025-09-18T07:32:26+00:00","twitter_card":"summary_large_image","twitter_misc":{"Dur\u00e9e de lecture estim\u00e9e":"1 minute"},"schema":{"@context":"https:\/\/schema.org","@graph":[{"@type":"WebPage","@id":"https:\/\/fascia.be\/fr\/les-champs-dapplication\/","url":"https:\/\/fascia.be\/fr\/les-champs-dapplication\/","name":"Les champs d\u2019application - Fascia Coll\u00e8ge","isPartOf":{"@id":"https:\/\/fascia.be\/fr\/#website"},"datePublished":"2020-10-22T14:05:13+00:00","dateModified":"2025-09-18T07:32:26+00:00","breadcrumb":{"@id":"https:\/\/fascia.be\/fr\/les-champs-dapplication\/#breadcrumb"},"inLanguage":"fr-FR","potentialAction":[{"@type":"ReadAction","target":["https:\/\/fascia.be\/fr\/les-champs-dapplication\/"]}]},{"@type":"BreadcrumbList","@id":"https:\/\/fascia.be\/fr\/les-champs-dapplication\/#breadcrumb","itemListElement":[{"@type":"ListItem","position":1,"name":"Home","item":"https:\/\/fascia.be\/fr\/"},{"@type":"ListItem","position":2,"name":"Fasciath\u00e9rapie","item":"https:\/\/fascia.be\/fr\/fasciatherapie\/"},{"@type":"ListItem","position":3,"name":"Les champs d\u2019application"}]},{"@type":"WebSite","@id":"https:\/\/fascia.be\/fr\/#website","url":"https:\/\/fascia.be\/fr\/","name":"Fascia Coll\u00e8ge","description":"Fasciatherapie en Perceptieve pedagogie","potentialAction":[{"@type":"SearchAction","target":{"@type":"EntryPoint","urlTemplate":"https:\/\/fascia.be\/fr\/?s={search_term_string}"},"query-input":{"@type":"PropertyValueSpecification","valueRequired":true,"valueName":"search_term_string"}}],"inLanguage":"fr-FR"}]}},"_links":{"self":[{"href":"https:\/\/fascia.be\/fr\/wp-json\/wp\/v2\/pages\/1622","targetHints":{"allow":["GET"]}}],"collection":[{"href":"https:\/\/fascia.be\/fr\/wp-json\/wp\/v2\/pages"}],"about":[{"href":"https:\/\/fascia.be\/fr\/wp-json\/wp\/v2\/types\/page"}],"author":[{"embeddable":true,"href":"https:\/\/fascia.be\/fr\/wp-json\/wp\/v2\/users\/1"}],"replies":[{"embeddable":true,"href":"https:\/\/fascia.be\/fr\/wp-json\/wp\/v2\/comments?post=1622"}],"version-history":[{"count":5,"href":"https:\/\/fascia.be\/fr\/wp-json\/wp\/v2\/pages\/1622\/revisions"}],"predecessor-version":[{"id":2679,"href":"https:\/\/fascia.be\/fr\/wp-json\/wp\/v2\/pages\/1622\/revisions\/2679"}],"wp:attachment":[{"href":"https:\/\/fascia.be\/fr\/wp-json\/wp\/v2\/media?parent=1622"}],"curies":[{"name":"wp","href":"https:\/\/api.w.org\/{rel}","templated":true}]}}