{"id":1624,"date":"2020-10-22T16:04:59","date_gmt":"2020-10-22T14:04:59","guid":{"rendered":"https:\/\/fascia.be\/fasciatherapie\/definition\/"},"modified":"2025-09-18T09:32:09","modified_gmt":"2025-09-18T07:32:09","slug":"definition","status":"publish","type":"page","link":"https:\/\/fascia.be\/fr\/definition\/","title":{"rendered":"D\u00e9finition"},"content":{"rendered":"<blockquote class=\"blockquote pl-3 mb-5\"><h3 class=\"pr-0 pr-md-5\">\u00ab\u00a0La fasciath\u00e9rapie est une th\u00e9rapie manuelle douce, respectueuse et non-manipulative, qui r\u00e9pond \u00e0 la demande du corps.\u00a0\u00bb<\/h3><footer class=\"blockquote-footer text-right\"><cite title=\"Danis Bois\"><em>Danis Bois<\/em><\/cite><\/footer><\/blockquote>\r\n\n<p><strong>La fasciath\u00e9rapie intervient \u00e9galement dans les dysfonctionnements du mouvement (movement awareness) ou des troubles fonctionnels, d\u2019origine physique et\/ou somato- psychique. Elle cr\u00e9e ainsi un pont entre les approches th\u00e9rapeutiques purement physiques et les approches dites psychiques, s\u2019adressant aussi aux plaintes sp\u00e9cifiques qu\u2019asp\u00e9cifiques. Le fasciath\u00e9rapeute permet au patient de d\u00e9velopper la perception de son corps (body-awareness) et de lui-m\u00eame (self-awareness). L\u2019\u00e9ducation \u00e0 la proprioception du patient devient un outil th\u00e9rapeutique et ouvre de nouvelles pistes dans l\u2019approche des probl\u00e9matiques que les patients nous pr\u00e9sentent.<\/strong><\/p>\n\n<p>Au coeur du geste du fasciath\u00e9rapeute, il y a l\u2019\u00e9coute tissulaire. Le th\u00e9rapeute entre en contact avec le patient au travers de ses mains. Ce toucher, tr\u00e8s doux et respectueux, lui sert \u00e0 percevoir la vitalit\u00e9 des tissus, les rythmes, l\u2019\u00e9tat de la mati\u00e8re, les immobilit\u00e9s, les blocages, les tensions, les densit\u00e9s, la qualit\u00e9 de la vascularisation. Le fasciath\u00e9rapeute tient compte des aspects biologiques, physiologiques, psycho-sociaux et existentiels de la probl\u00e9matique, adapte son traitement en fonction de la personne et propose ainsi une th\u00e9rapie p\u00e9dagogique. Selon ce qu\u2019il ressent sous les mains, le th\u00e9rapeute applique un mouvement lent puis un point d\u2019appui. Cet arr\u00eat permet \u00e0 la mobilit\u00e9 et \u00e0 la sensibilit\u00e9 des tissus de se reconstruire. Les tensions qui pouvaient cr\u00e9er des blocages s\u2019estompent, et la douleur, la souffrance associ\u00e9es s\u2019att\u00e9nuent.&#13;\n<\/p>\n\n<p>Les fasciath\u00e9rapeutes sont des kin\u00e9sith\u00e9rapeutes, ost\u00e9opathes ou m\u00e9decins qui ont suivi une formation de 4 ans cibl\u00e9e sur la pathologie et la personne aupr\u00e8s du Fascia Coll\u00e8ge et qui ont obtenu le dipl\u00f4me \u00e0 la fin de la formation. <\/p>\n\n<h4 class=\"wp-block-heading\"> Comment le fasciath\u00e9rapeute aborde-t-il la pathologie?<\/h4>\n\n<p>L\u2019organe fascial est l\u2019ensemble des membranes qui enveloppent et relient entre eux toutes les structures de notre corps. On estime que 98% de notre corps est constitu\u00e9 de tissus conjonctifs. Jusqu\u2019en 1980, ces tissus \u00e9taient suppos\u00e9s avoir une fonction de \u2018remplissage\u2019 ou de \u2018soutien\u2019. Ils \u201cemp\u00eachaient\u201d l\u2019anatomiste d\u2019avoir une image claire de la topographie des structures du corps : au cours des dissections anatomiques, il fallait d\u2019abord enlever un maximum de ce tissu conjonctif pour distinguer clairement les diff\u00e9rents organes et&#13;\nstructures du corps, rel\u00e9guant ainsi le tissu conjonctif au statut de d\u00e9chet g\u00eanant et inutile. Cependant, on a d\u00e9couvert r\u00e9cemment que le fascia joue bien un r\u00f4le substantiel dans le fonctionnement corporel et spirituel qui s\u2019av\u00e8re aussi important que celui des autres grands syst\u00e8mes du corps humain (Stecco et Schleip). Avec le syst\u00e8me nerveux autonome et le syst\u00e8me hormonal, il influence le degr\u00e9 de tension des muscles, les mouvements, la circulation sanguine, l\u2019\u00e9quilibre hormonal, la gestion du stress, l\u2019humeur, les r\u00e9actions \u00e9motionnelles, la r\u00e9flexion et par cons\u00e9quent le comportement. Il n\u2019est donc gu\u00e8re illogique que le fascia occupe une fonction-cl\u00e9 dans la gen\u00e8se des pathologies et affections diverses.<\/p>\n","protected":false},"excerpt":{"rendered":"<p>\u00ab\u00a0La fasciath\u00e9rapie est une th\u00e9rapie manuelle douce, respectueuse et non-manipulative, qui r\u00e9pond \u00e0 la demande du corps.\u00a0\u00bb Danis Bois La fasciath\u00e9rapie intervient \u00e9galement dans les dysfonctionnements du mouvement (movement awareness) ou des troubles fonctionnels, d\u2019origine physique et\/ou somato- psychique. Elle cr\u00e9e ainsi un pont entre les approches th\u00e9rapeutiques purement physiques et les approches dites psychiques, [&hellip;]<\/p>\n","protected":false},"author":1,"featured_media":0,"parent":0,"menu_order":0,"comment_status":"closed","ping_status":"closed","template":"","meta":{"_acf_changed":false,"footnotes":""},"class_list":["post-1624","page","type-page","status-publish","hentry"],"acf":[],"yoast_head":"<!-- This site is optimized with the Yoast SEO plugin v27.4 - https:\/\/yoast.com\/product\/yoast-seo-wordpress\/ -->\n<title>D\u00e9finition - Fascia Coll\u00e8ge<\/title>\n<meta name=\"robots\" content=\"index, follow, max-snippet:-1, max-image-preview:large, max-video-preview:-1\" \/>\n<link rel=\"canonical\" href=\"https:\/\/fascia.be\/fr\/definition\/\" \/>\n<meta property=\"og:locale\" content=\"fr_FR\" \/>\n<meta property=\"og:type\" content=\"article\" \/>\n<meta property=\"og:title\" content=\"D\u00e9finition - Fascia Coll\u00e8ge\" \/>\n<meta property=\"og:description\" content=\"\u00ab\u00a0La fasciath\u00e9rapie est une th\u00e9rapie manuelle douce, respectueuse et non-manipulative, qui r\u00e9pond \u00e0 la demande du corps.\u00a0\u00bb Danis Bois La fasciath\u00e9rapie intervient \u00e9galement dans les dysfonctionnements du mouvement (movement awareness) ou des troubles fonctionnels, d\u2019origine physique et\/ou somato- psychique. Elle cr\u00e9e ainsi un pont entre les approches th\u00e9rapeutiques purement physiques et les approches dites psychiques, [&hellip;]\" \/>\n<meta property=\"og:url\" content=\"https:\/\/fascia.be\/fr\/definition\/\" \/>\n<meta property=\"og:site_name\" content=\"Fascia Coll\u00e8ge\" \/>\n<meta property=\"article:modified_time\" content=\"2025-09-18T07:32:09+00:00\" \/>\n<meta name=\"twitter:card\" content=\"summary_large_image\" \/>\n<meta name=\"twitter:label1\" content=\"Dur\u00e9e de lecture estim\u00e9e\" \/>\n\t<meta name=\"twitter:data1\" content=\"3 minutes\" \/>\n<script type=\"application\/ld+json\" class=\"yoast-schema-graph\">{\"@context\":\"https:\\\/\\\/schema.org\",\"@graph\":[{\"@type\":\"WebPage\",\"@id\":\"https:\\\/\\\/fascia.be\\\/fr\\\/definition\\\/\",\"url\":\"https:\\\/\\\/fascia.be\\\/fr\\\/definition\\\/\",\"name\":\"D\u00e9finition - Fascia Coll\u00e8ge\",\"isPartOf\":{\"@id\":\"https:\\\/\\\/fascia.be\\\/fr\\\/#website\"},\"datePublished\":\"2020-10-22T14:04:59+00:00\",\"dateModified\":\"2025-09-18T07:32:09+00:00\",\"breadcrumb\":{\"@id\":\"https:\\\/\\\/fascia.be\\\/fr\\\/definition\\\/#breadcrumb\"},\"inLanguage\":\"fr-FR\",\"potentialAction\":[{\"@type\":\"ReadAction\",\"target\":[\"https:\\\/\\\/fascia.be\\\/fr\\\/definition\\\/\"]}]},{\"@type\":\"BreadcrumbList\",\"@id\":\"https:\\\/\\\/fascia.be\\\/fr\\\/definition\\\/#breadcrumb\",\"itemListElement\":[{\"@type\":\"ListItem\",\"position\":1,\"name\":\"Home\",\"item\":\"https:\\\/\\\/fascia.be\\\/fr\\\/\"},{\"@type\":\"ListItem\",\"position\":2,\"name\":\"Fasciath\u00e9rapie\",\"item\":\"https:\\\/\\\/fascia.be\\\/fr\\\/fasciatherapie\\\/\"},{\"@type\":\"ListItem\",\"position\":3,\"name\":\"D\u00e9finition\"}]},{\"@type\":\"WebSite\",\"@id\":\"https:\\\/\\\/fascia.be\\\/fr\\\/#website\",\"url\":\"https:\\\/\\\/fascia.be\\\/fr\\\/\",\"name\":\"Fascia Coll\u00e8ge\",\"description\":\"Fasciatherapie en Perceptieve pedagogie\",\"potentialAction\":[{\"@type\":\"SearchAction\",\"target\":{\"@type\":\"EntryPoint\",\"urlTemplate\":\"https:\\\/\\\/fascia.be\\\/fr\\\/?s={search_term_string}\"},\"query-input\":{\"@type\":\"PropertyValueSpecification\",\"valueRequired\":true,\"valueName\":\"search_term_string\"}}],\"inLanguage\":\"fr-FR\"}]}<\/script>\n<!-- \/ Yoast SEO plugin. -->","yoast_head_json":{"title":"D\u00e9finition - Fascia Coll\u00e8ge","robots":{"index":"index","follow":"follow","max-snippet":"max-snippet:-1","max-image-preview":"max-image-preview:large","max-video-preview":"max-video-preview:-1"},"canonical":"https:\/\/fascia.be\/fr\/definition\/","og_locale":"fr_FR","og_type":"article","og_title":"D\u00e9finition - Fascia Coll\u00e8ge","og_description":"\u00ab\u00a0La fasciath\u00e9rapie est une th\u00e9rapie manuelle douce, respectueuse et non-manipulative, qui r\u00e9pond \u00e0 la demande du corps.\u00a0\u00bb Danis Bois La fasciath\u00e9rapie intervient \u00e9galement dans les dysfonctionnements du mouvement (movement awareness) ou des troubles fonctionnels, d\u2019origine physique et\/ou somato- psychique. Elle cr\u00e9e ainsi un pont entre les approches th\u00e9rapeutiques purement physiques et les approches dites psychiques, [&hellip;]","og_url":"https:\/\/fascia.be\/fr\/definition\/","og_site_name":"Fascia Coll\u00e8ge","article_modified_time":"2025-09-18T07:32:09+00:00","twitter_card":"summary_large_image","twitter_misc":{"Dur\u00e9e de lecture estim\u00e9e":"3 minutes"},"schema":{"@context":"https:\/\/schema.org","@graph":[{"@type":"WebPage","@id":"https:\/\/fascia.be\/fr\/definition\/","url":"https:\/\/fascia.be\/fr\/definition\/","name":"D\u00e9finition - Fascia Coll\u00e8ge","isPartOf":{"@id":"https:\/\/fascia.be\/fr\/#website"},"datePublished":"2020-10-22T14:04:59+00:00","dateModified":"2025-09-18T07:32:09+00:00","breadcrumb":{"@id":"https:\/\/fascia.be\/fr\/definition\/#breadcrumb"},"inLanguage":"fr-FR","potentialAction":[{"@type":"ReadAction","target":["https:\/\/fascia.be\/fr\/definition\/"]}]},{"@type":"BreadcrumbList","@id":"https:\/\/fascia.be\/fr\/definition\/#breadcrumb","itemListElement":[{"@type":"ListItem","position":1,"name":"Home","item":"https:\/\/fascia.be\/fr\/"},{"@type":"ListItem","position":2,"name":"Fasciath\u00e9rapie","item":"https:\/\/fascia.be\/fr\/fasciatherapie\/"},{"@type":"ListItem","position":3,"name":"D\u00e9finition"}]},{"@type":"WebSite","@id":"https:\/\/fascia.be\/fr\/#website","url":"https:\/\/fascia.be\/fr\/","name":"Fascia Coll\u00e8ge","description":"Fasciatherapie en Perceptieve pedagogie","potentialAction":[{"@type":"SearchAction","target":{"@type":"EntryPoint","urlTemplate":"https:\/\/fascia.be\/fr\/?s={search_term_string}"},"query-input":{"@type":"PropertyValueSpecification","valueRequired":true,"valueName":"search_term_string"}}],"inLanguage":"fr-FR"}]}},"_links":{"self":[{"href":"https:\/\/fascia.be\/fr\/wp-json\/wp\/v2\/pages\/1624","targetHints":{"allow":["GET"]}}],"collection":[{"href":"https:\/\/fascia.be\/fr\/wp-json\/wp\/v2\/pages"}],"about":[{"href":"https:\/\/fascia.be\/fr\/wp-json\/wp\/v2\/types\/page"}],"author":[{"embeddable":true,"href":"https:\/\/fascia.be\/fr\/wp-json\/wp\/v2\/users\/1"}],"replies":[{"embeddable":true,"href":"https:\/\/fascia.be\/fr\/wp-json\/wp\/v2\/comments?post=1624"}],"version-history":[{"count":5,"href":"https:\/\/fascia.be\/fr\/wp-json\/wp\/v2\/pages\/1624\/revisions"}],"predecessor-version":[{"id":2676,"href":"https:\/\/fascia.be\/fr\/wp-json\/wp\/v2\/pages\/1624\/revisions\/2676"}],"wp:attachment":[{"href":"https:\/\/fascia.be\/fr\/wp-json\/wp\/v2\/media?parent=1624"}],"curies":[{"name":"wp","href":"https:\/\/api.w.org\/{rel}","templated":true}]}}