{"id":17636,"date":"2025-09-04T15:48:23","date_gmt":"2025-09-04T13:48:23","guid":{"rendered":"https:\/\/fascia.be\/?page_id=17636"},"modified":"2025-09-08T12:38:13","modified_gmt":"2025-09-08T10:38:13","slug":"voor-wie-is-de-opleiding","status":"publish","type":"page","link":"https:\/\/fascia.be\/fr\/somato-psychopedagogie\/voor-wie-is-de-opleiding\/","title":{"rendered":"Voor wie is de opleiding?"},"content":{"rendered":"\n<blockquote class=\"wp-block-quote is-layout-flow wp-block-quote-is-layout-flow\">\n<blockquote class=\"wp-block-quote is-layout-flow wp-block-quote-is-layout-flow\">\n<blockquote class=\"wp-block-quote is-layout-flow wp-block-quote-is-layout-flow\">\n<p class=\"has-text-align-right\"><em><strong>\u00ab\u00a0De opleiding is verzorgend en de zorg is vormend.\u201d<br><\/strong>Bernard Honor\u00e9 (psychiater)<\/em><\/p>\n<\/blockquote>\n<\/blockquote>\n<\/blockquote>\n\n\n\n<p>Voor medische en paramedische professionals, evenals alle zorgbegeleiders en hulpverleners die interesse hebben in een integrale aanpak van lichaam en geest.<\/p>\n\n\n\n<p>Wij bieden een basisopleiding S-PP aan die bestaat uit twee jaar (verdeeld over 14 modules van 3 dagen). Hierna is er de mogelijkheid een specialisatiejaar Perceptieve Coaching te volgen.<\/p>\n\n\n\n<div class=\"fascia-button-wrapper\"><a href=\"https:\/\/staging.fascia.be\/somato-psychopedagogie\/toepassingsgebieden\/\" class=\"btn btn-somato-primary\">Toepassingsgebieden bekijken<\/a><\/div>\n\n\n\n<div style=\"height:27px\" aria-hidden=\"true\" class=\"wp-block-spacer\"><\/div>\n\n\n\n<div class=\"fascia-button-wrapper\"><a href=\"https:\/\/staging.fascia.be\/basisopleiding\/basisopleiding-somato-psychopedagogie-promotiegroep-2025\/\" class=\"btn btn-somato-primary\">Bekijk de opleidingsdetails<\/a><\/div>\n","protected":false},"excerpt":{"rendered":"<p>Voor medische en paramedische professionals, evenals alle zorgbegeleiders en hulpverleners die interesse hebben in een integrale aanpak van lichaam en geest. Wij bieden een basisopleiding S-PP aan die bestaat uit twee jaar (verdeeld over 14 modules van 3 dagen). Hierna is er de mogelijkheid een specialisatiejaar Perceptieve Coaching te volgen.<\/p>\n","protected":false},"author":1,"featured_media":0,"parent":17616,"menu_order":0,"comment_status":"closed","ping_status":"closed","template":"","meta":{"_acf_changed":false,"footnotes":""},"class_list":["post-17636","page","type-page","status-publish","hentry"],"acf":[],"yoast_head":"<!-- This site is optimized with the Yoast SEO plugin v27.4 - https:\/\/yoast.com\/product\/yoast-seo-wordpress\/ -->\n<title>Voor wie is de opleiding? - Fascia Coll\u00e8ge<\/title>\n<meta name=\"robots\" content=\"index, follow, max-snippet:-1, max-image-preview:large, max-video-preview:-1\" \/>\n<link rel=\"canonical\" href=\"https:\/\/fascia.be\/fr\/somato-psychopedagogie\/voor-wie-is-de-opleiding\/\" \/>\n<meta property=\"og:locale\" content=\"fr_FR\" \/>\n<meta property=\"og:type\" content=\"article\" \/>\n<meta property=\"og:title\" content=\"Voor wie is de opleiding? - Fascia Coll\u00e8ge\" \/>\n<meta property=\"og:description\" content=\"Voor medische en paramedische professionals, evenals alle zorgbegeleiders en hulpverleners die interesse hebben in een integrale aanpak van lichaam en geest. Wij bieden een basisopleiding S-PP aan die bestaat uit twee jaar (verdeeld over 14 modules van 3 dagen). Hierna is er de mogelijkheid een specialisatiejaar Perceptieve Coaching te volgen.\" \/>\n<meta property=\"og:url\" content=\"https:\/\/fascia.be\/fr\/somato-psychopedagogie\/voor-wie-is-de-opleiding\/\" \/>\n<meta property=\"og:site_name\" content=\"Fascia Coll\u00e8ge\" \/>\n<meta property=\"article:modified_time\" content=\"2025-09-08T10:38:13+00:00\" \/>\n<meta name=\"twitter:card\" content=\"summary_large_image\" \/>\n<meta name=\"twitter:label1\" content=\"Dur\u00e9e de lecture estim\u00e9e\" \/>\n\t<meta name=\"twitter:data1\" content=\"1 minute\" \/>\n<script type=\"application\/ld+json\" class=\"yoast-schema-graph\">{\"@context\":\"https:\\\/\\\/schema.org\",\"@graph\":[{\"@type\":\"WebPage\",\"@id\":\"https:\\\/\\\/fascia.be\\\/fr\\\/somato-psychopedagogie\\\/voor-wie-is-de-opleiding\\\/\",\"url\":\"https:\\\/\\\/fascia.be\\\/fr\\\/somato-psychopedagogie\\\/voor-wie-is-de-opleiding\\\/\",\"name\":\"Voor wie is de opleiding? - Fascia Coll\u00e8ge\",\"isPartOf\":{\"@id\":\"https:\\\/\\\/fascia.be\\\/fr\\\/#website\"},\"datePublished\":\"2025-09-04T13:48:23+00:00\",\"dateModified\":\"2025-09-08T10:38:13+00:00\",\"breadcrumb\":{\"@id\":\"https:\\\/\\\/fascia.be\\\/fr\\\/somato-psychopedagogie\\\/voor-wie-is-de-opleiding\\\/#breadcrumb\"},\"inLanguage\":\"fr-FR\",\"potentialAction\":[{\"@type\":\"ReadAction\",\"target\":[\"https:\\\/\\\/fascia.be\\\/fr\\\/somato-psychopedagogie\\\/voor-wie-is-de-opleiding\\\/\"]}]},{\"@type\":\"BreadcrumbList\",\"@id\":\"https:\\\/\\\/fascia.be\\\/fr\\\/somato-psychopedagogie\\\/voor-wie-is-de-opleiding\\\/#breadcrumb\",\"itemListElement\":[{\"@type\":\"ListItem\",\"position\":1,\"name\":\"Home\",\"item\":\"https:\\\/\\\/fascia.be\\\/fr\\\/\"},{\"@type\":\"ListItem\",\"position\":2,\"name\":\"Somato-psychopedagogie\",\"item\":\"https:\\\/\\\/fascia.be\\\/fr\\\/somato-psychopedagogie\\\/\"},{\"@type\":\"ListItem\",\"position\":3,\"name\":\"Voor wie is de opleiding?\"}]},{\"@type\":\"WebSite\",\"@id\":\"https:\\\/\\\/fascia.be\\\/fr\\\/#website\",\"url\":\"https:\\\/\\\/fascia.be\\\/fr\\\/\",\"name\":\"Fascia Coll\u00e8ge\",\"description\":\"Fasciatherapie en Perceptieve pedagogie\",\"potentialAction\":[{\"@type\":\"SearchAction\",\"target\":{\"@type\":\"EntryPoint\",\"urlTemplate\":\"https:\\\/\\\/fascia.be\\\/fr\\\/?s={search_term_string}\"},\"query-input\":{\"@type\":\"PropertyValueSpecification\",\"valueRequired\":true,\"valueName\":\"search_term_string\"}}],\"inLanguage\":\"fr-FR\"}]}<\/script>\n<!-- \/ Yoast SEO plugin. -->","yoast_head_json":{"title":"Voor wie is de opleiding? - Fascia Coll\u00e8ge","robots":{"index":"index","follow":"follow","max-snippet":"max-snippet:-1","max-image-preview":"max-image-preview:large","max-video-preview":"max-video-preview:-1"},"canonical":"https:\/\/fascia.be\/fr\/somato-psychopedagogie\/voor-wie-is-de-opleiding\/","og_locale":"fr_FR","og_type":"article","og_title":"Voor wie is de opleiding? - Fascia Coll\u00e8ge","og_description":"Voor medische en paramedische professionals, evenals alle zorgbegeleiders en hulpverleners die interesse hebben in een integrale aanpak van lichaam en geest. Wij bieden een basisopleiding S-PP aan die bestaat uit twee jaar (verdeeld over 14 modules van 3 dagen). Hierna is er de mogelijkheid een specialisatiejaar Perceptieve Coaching te volgen.","og_url":"https:\/\/fascia.be\/fr\/somato-psychopedagogie\/voor-wie-is-de-opleiding\/","og_site_name":"Fascia Coll\u00e8ge","article_modified_time":"2025-09-08T10:38:13+00:00","twitter_card":"summary_large_image","twitter_misc":{"Dur\u00e9e de lecture estim\u00e9e":"1 minute"},"schema":{"@context":"https:\/\/schema.org","@graph":[{"@type":"WebPage","@id":"https:\/\/fascia.be\/fr\/somato-psychopedagogie\/voor-wie-is-de-opleiding\/","url":"https:\/\/fascia.be\/fr\/somato-psychopedagogie\/voor-wie-is-de-opleiding\/","name":"Voor wie is de opleiding? - Fascia Coll\u00e8ge","isPartOf":{"@id":"https:\/\/fascia.be\/fr\/#website"},"datePublished":"2025-09-04T13:48:23+00:00","dateModified":"2025-09-08T10:38:13+00:00","breadcrumb":{"@id":"https:\/\/fascia.be\/fr\/somato-psychopedagogie\/voor-wie-is-de-opleiding\/#breadcrumb"},"inLanguage":"fr-FR","potentialAction":[{"@type":"ReadAction","target":["https:\/\/fascia.be\/fr\/somato-psychopedagogie\/voor-wie-is-de-opleiding\/"]}]},{"@type":"BreadcrumbList","@id":"https:\/\/fascia.be\/fr\/somato-psychopedagogie\/voor-wie-is-de-opleiding\/#breadcrumb","itemListElement":[{"@type":"ListItem","position":1,"name":"Home","item":"https:\/\/fascia.be\/fr\/"},{"@type":"ListItem","position":2,"name":"Somato-psychopedagogie","item":"https:\/\/fascia.be\/fr\/somato-psychopedagogie\/"},{"@type":"ListItem","position":3,"name":"Voor wie is de opleiding?"}]},{"@type":"WebSite","@id":"https:\/\/fascia.be\/fr\/#website","url":"https:\/\/fascia.be\/fr\/","name":"Fascia Coll\u00e8ge","description":"Fasciatherapie en Perceptieve pedagogie","potentialAction":[{"@type":"SearchAction","target":{"@type":"EntryPoint","urlTemplate":"https:\/\/fascia.be\/fr\/?s={search_term_string}"},"query-input":{"@type":"PropertyValueSpecification","valueRequired":true,"valueName":"search_term_string"}}],"inLanguage":"fr-FR"}]}},"_links":{"self":[{"href":"https:\/\/fascia.be\/fr\/wp-json\/wp\/v2\/pages\/17636","targetHints":{"allow":["GET"]}}],"collection":[{"href":"https:\/\/fascia.be\/fr\/wp-json\/wp\/v2\/pages"}],"about":[{"href":"https:\/\/fascia.be\/fr\/wp-json\/wp\/v2\/types\/page"}],"author":[{"embeddable":true,"href":"https:\/\/fascia.be\/fr\/wp-json\/wp\/v2\/users\/1"}],"replies":[{"embeddable":true,"href":"https:\/\/fascia.be\/fr\/wp-json\/wp\/v2\/comments?post=17636"}],"version-history":[{"count":2,"href":"https:\/\/fascia.be\/fr\/wp-json\/wp\/v2\/pages\/17636\/revisions"}],"predecessor-version":[{"id":17683,"href":"https:\/\/fascia.be\/fr\/wp-json\/wp\/v2\/pages\/17636\/revisions\/17683"}],"up":[{"embeddable":true,"href":"https:\/\/fascia.be\/fr\/wp-json\/wp\/v2\/pages\/17616"}],"wp:attachment":[{"href":"https:\/\/fascia.be\/fr\/wp-json\/wp\/v2\/media?parent=17636"}],"curies":[{"name":"wp","href":"https:\/\/api.w.org\/{rel}","templated":true}]}}